{"id":487,"date":"2020-09-07T09:01:54","date_gmt":"2020-09-07T09:01:54","guid":{"rendered":"http:\/\/wpdemo.archiwp.com\/maxbizz\/?page_id=487"},"modified":"2025-12-03T17:43:42","modified_gmt":"2025-12-03T17:43:42","slug":"tarihce","status":"publish","type":"page","link":"https:\/\/turkamerikankolejleri.com\/index.php\/tarihce\/","title":{"rendered":"Tarih\u00e7e"},"content":{"rendered":"\t\t<div data-elementor-type=\"wp-page\" data-elementor-id=\"487\" class=\"elementor elementor-487\" data-elementor-post-type=\"page\">\n\t\t\t\t<div class=\"elementor-element elementor-element-cbd6a5d e-con-full e-flex wpr-particle-no wpr-jarallax-no wpr-parallax-no wpr-sticky-section-no e-con e-parent\" data-id=\"cbd6a5d\" data-element_type=\"container\" data-settings=\"{&quot;background_background&quot;:&quot;classic&quot;}\">\n\t\t<div class=\"elementor-element elementor-element-fa6fa7d e-flex e-con-boxed wpr-particle-no wpr-jarallax-no wpr-parallax-no wpr-sticky-section-no e-con e-child\" data-id=\"fa6fa7d\" data-element_type=\"container\" data-settings=\"{&quot;background_background&quot;:&quot;classic&quot;}\">\n\t\t\t\t\t<div class=\"e-con-inner\">\n\t\t<div class=\"elementor-element elementor-element-44696a6 e-con-full e-flex wpr-particle-no wpr-jarallax-no wpr-parallax-no wpr-sticky-section-no e-con e-child\" data-id=\"44696a6\" data-element_type=\"container\">\n\t\t\t\t<\/div>\n\t\t<div class=\"elementor-element elementor-element-703a2ee e-con-full e-flex wpr-particle-no wpr-jarallax-no wpr-parallax-no wpr-sticky-section-no e-con e-child\" data-id=\"703a2ee\" data-element_type=\"container\">\n\t\t\t\t<div class=\"elementor-element elementor-element-ac2d79d elementor-widget elementor-widget-shortcode\" data-id=\"ac2d79d\" data-element_type=\"widget\" data-widget_type=\"shortcode.default\">\n\t\t\t\t\t\t\t<div class=\"elementor-shortcode\"><nav aria-label=\"breadcrumbs\" class=\"rank-math-breadcrumb\"><p><span class=\"last\">Ana Sayfa<\/span><\/p><\/nav><\/div>\n\t\t\t\t\t\t<\/div>\n\t\t\t\t<\/div>\n\t\t\t\t\t<\/div>\n\t\t\t\t<\/div>\n\t\t\t\t<\/div>\n\t\t\t\t<section class=\"elementor-section elementor-top-section elementor-element elementor-element-15aa0b9 elementor-section-boxed elementor-section-height-default elementor-section-height-default wpr-particle-no wpr-jarallax-no wpr-parallax-no wpr-sticky-section-no\" data-id=\"15aa0b9\" data-element_type=\"section\">\n\t\t\t\t\t\t<div class=\"elementor-container elementor-column-gap-extended\">\n\t\t\t\t\t<div class=\"elementor-column elementor-col-50 elementor-top-column elementor-element elementor-element-32dce70 ot-flex-column-vertical\" data-id=\"32dce70\" data-element_type=\"column\">\n\t\t\t<div class=\"elementor-widget-wrap elementor-element-populated\">\n\t\t\t\t<div class=\"elementor-element elementor-element-b95b69c e-flex e-con-boxed wpr-particle-no wpr-jarallax-no wpr-parallax-no wpr-sticky-section-no e-con e-parent\" data-id=\"b95b69c\" data-element_type=\"container\">\n\t\t\t\t\t<div class=\"e-con-inner\">\n\t\t\t\t<div class=\"elementor-element elementor-element-298271e elementor-widget elementor-widget-image\" data-id=\"298271e\" data-element_type=\"widget\" data-widget_type=\"image.default\">\n\t\t\t\t\t\t\t\t\t\t\t\t\t\t\t<img fetchpriority=\"high\" decoding=\"async\" width=\"1024\" height=\"683\" src=\"https:\/\/turkamerikankolejleri.com\/wp-content\/uploads\/2025\/11\/book-library-with-open-textbook-1024x683.jpg\" class=\"attachment-large size-large wp-image-2508\" alt=\"\" srcset=\"https:\/\/turkamerikankolejleri.com\/wp-content\/uploads\/2025\/11\/book-library-with-open-textbook-1024x683.jpg 1024w, https:\/\/turkamerikankolejleri.com\/wp-content\/uploads\/2025\/11\/book-library-with-open-textbook-300x200.jpg 300w, https:\/\/turkamerikankolejleri.com\/wp-content\/uploads\/2025\/11\/book-library-with-open-textbook-768x513.jpg 768w, https:\/\/turkamerikankolejleri.com\/wp-content\/uploads\/2025\/11\/book-library-with-open-textbook-1536x1025.jpg 1536w, https:\/\/turkamerikankolejleri.com\/wp-content\/uploads\/2025\/11\/book-library-with-open-textbook-2048x1367.jpg 2048w, https:\/\/turkamerikankolejleri.com\/wp-content\/uploads\/2025\/11\/book-library-with-open-textbook-600x400.jpg 600w\" sizes=\"(max-width: 1024px) 100vw, 1024px\" \/>\t\t\t\t\t\t\t\t\t\t\t\t\t\t\t<\/div>\n\t\t\t\t\t<\/div>\n\t\t\t\t<\/div>\n\t\t\t\t\t<\/div>\n\t\t<\/div>\n\t\t\t\t<div class=\"elementor-column elementor-col-50 elementor-top-column elementor-element elementor-element-69d7b07 ot-flex-column-vertical\" data-id=\"69d7b07\" data-element_type=\"column\">\n\t\t\t<div class=\"elementor-widget-wrap elementor-element-populated\">\n\t\t\t\t\t\t<div class=\"elementor-element elementor-element-1252201 elementor-widget elementor-widget-text-editor\" data-id=\"1252201\" data-element_type=\"widget\" data-widget_type=\"text-editor.default\">\n\t\t\t\t\t\t\t\t\t<p><b>T\u00fcrk-Amerikan Derne\u011fi (TAD) ve T\u00fcrk Amerikan Kolejleri Tarih\u00e7esi ve E\u011fitim Anlay\u0131\u015f\u0131<\/b><\/p><p>T\u00fcrk-Amerikan Derne\u011fi (TAD), 1951 y\u0131l\u0131nda T\u00fcrkiye ve Amerika Birle\u015fik Devletleri aras\u0131nda imzalanan ikili anla\u015fma ile kurulmu\u015f, k\u00f6kl\u00fc ve prestijli bir sivil toplum kurulu\u015fudur. Kurucular\u0131 aras\u0131nda d\u00f6nemin Milli E\u011fitim Bakan\u0131 Tevfik \u0130leri, yazar ve akademisyen Halide Edip Ad\u0131var ve ABD Ankara B\u00fcy\u00fckel\u00e7isi George Wadsworth gibi \u00f6nemli isimler yer almaktad\u0131r. Kurulu\u015fundan bu yana binlerce bireye y\u00fcksek kaliteli \u0130ngilizce dil e\u011fitimi sunan TAD, T\u00fcrkiye\u2019nin d\u00f6rt bir yan\u0131nda yayg\u0131nla\u015farak g\u00fc\u00e7l\u00fc bir e\u011fitim a\u011f\u0131 olu\u015fturmu\u015ftur. Dernek merkezinde \u0130ngilizce, \u0130spanyolca ve yabanc\u0131lara T\u00fcrk\u00e7e kurslar\u0131n\u0131n yan\u0131 s\u0131ra tiyatro, sergi, konser ve paneller gibi k\u00fclt\u00fcrel etkinlikler de d\u00fczenlenmektedir.<\/p><p>Bu k\u00f6kl\u00fc miras \u00fczerine in\u015fa edilen T\u00fcrk Amerikan Kolejleri, \u00fclkemizde e\u011fitim hizmetleri vermeye devam ederken tarihsel \u00f6ncelikli amac\u0131n\u0131 da korumaktad\u0131r: Ya\u015fad\u0131\u011f\u0131m\u0131z \u00fclkeyi ve k\u00fclt\u00fcr\u00fc y\u00fcceltmek; kendi milli kimli\u011fini kazanm\u0131\u015f, \u00f6z\u00fcmsemi\u015f, \u00f6z kimlikli ve ki\u015filikli bireyler yeti\u015ftirerek \u00fclkemize ve k\u00fclt\u00fcr\u00fcm\u00fcze de\u011fer kazand\u0131rmak. Bunun yan\u0131nda global d\u00fcnyada s\u0131n\u0131rlar\u0131 kalkm\u0131\u015f bir ekonomik pazarda var olabilen kaliteli ve nitelikli \u00f6\u011frenciler yeti\u015ftirmeyi hedeflemektedir.<\/p><p>Okullar\u0131m\u0131z\u0131n dil e\u011fitim programlar\u0131, 2012-R0006 kodu ile Avrupa Konseyi taraf\u0131ndan onaylanm\u0131\u015f ve akredite edilmi\u015ftir. Bu sayede \u00f6\u011frencilerimiz yabanc\u0131 dil y\u00f6n\u00fcnden Avrupa Birli\u011fi \u00fclkelerindeki \u00f6\u011frencilerle e\u015fit e\u011fitim haklar\u0131na sahiptir. En \u00f6nemli \u00f6zelliklerimizden biri olan Bilingual \u2013 \u00c7ift Dilde E\u011fitim modelimizde \u0130ngilizce bir ders de\u011fil, bir ya\u015fam bi\u00e7imi ve ileti\u015fim arac\u0131 olarak ele al\u0131n\u0131r. \u00d6\u011frencilerimiz \u0130ngilizceyi \u00f6\u011frenmekten \u00f6te, edinirler. Derslerde \u00f6\u011fretmenin yan\u0131nda yer alan \u0130ngilizce E\u011fitim Ko\u00e7u, \u00f6\u011frencinin derslere \u0130ngilizce kat\u0131l\u0131m\u0131n\u0131 sa\u011flar. B\u00f6ylece T\u00fcrk Amerikan Kolejleri \u00f6\u011frencileri, akademik hayata \u0130ngilizceyi ana dili seviyesinde bilerek ba\u015flar ve uluslararas\u0131 \u00fcniversitelerden burs ve e\u011fitim davetleri alabilecek bir donan\u0131ma sahip olurlar.<\/p><p>Okullar\u0131m\u0131z, \u00e7ocuklar\u0131m\u0131z\u0131n \u00e7a\u011fda\u015f, yarat\u0131c\u0131, sosyal ve yabanc\u0131 dilde kendini ifade edebilme becerilerini geli\u015ftirmelerini destekleyen; geli\u015fen teknolojiyi de \u00f6\u011frenme s\u00fcre\u00e7lerine uyarlayan bir e\u011fitim ortam\u0131 sunar. Hedefimiz, h\u0131zla de\u011fi\u015fen d\u00fcnyaya uyum sa\u011flayabilen, sa\u011fl\u0131kl\u0131, aktif, yarat\u0131c\u0131 ve ara\u015ft\u0131rmac\u0131 bireyler yeti\u015ftirerek \u00f6\u011frencilerimizi gelece\u011fe g\u00fcvenle haz\u0131rlamakt\u0131r.<\/p><p>Ayr\u0131ca okullar\u0131m\u0131z miza\u00e7 temelli e\u011fitim yakla\u015f\u0131m\u0131yla her bireyin kendine \u00f6zg\u00fc bir d\u00fcnya oldu\u011funu kabul eder. E\u011fitim anlay\u0131\u015f\u0131m\u0131z yaln\u0131zca akademik ba\u015far\u0131ya odaklanmaz; sanat, sosyal ve k\u00fclt\u00fcrel etkinlikleri de e\u011fitimin ayr\u0131lmaz bir par\u00e7as\u0131 olarak g\u00f6r\u00fcr. Rehberlik servisimiz \u00f6\u011frencilerimiz ve velilerimizle s\u00fcrekli ileti\u015fim halinde olup \u00f6\u011fretmen, \u00f6\u011frenci ve veli aras\u0131nda g\u00fc\u00e7l\u00fc bir k\u00f6pr\u00fc olu\u015fturur. \u0130leti\u015fim, kurumlar\u0131m\u0131z\u0131n en g\u00fc\u00e7l\u00fc yanlar\u0131ndan biridir. \u0130dare, \u00f6\u011fretmen, \u00f6\u011frenci ve veli etkile\u015fimine b\u00fcy\u00fck \u00f6nem verir; birlikte d\u00fczenlenen kahvalt\u0131lar, yemekler, geziler, sanatsal faaliyetler, \u00f6zel g\u00fcn kutlamalar\u0131, sosyal yard\u0131mla\u015fma ve k\u00fclt\u00fcrel etkinlikler e\u011fitim anlay\u0131\u015f\u0131m\u0131z\u0131n temel unsurlar\u0131n\u0131 olu\u015fturur.<\/p>\t\t\t\t\t\t\t\t<\/div>\n\t\t\t\t\t<\/div>\n\t\t<\/div>\n\t\t\t\t\t<\/div>\n\t\t<\/section>\n\t\t\t\t<\/div>\n\t\t","protected":false},"excerpt":{"rendered":"<p>T\u00fcrk-Amerikan Derne\u011fi (TAD) ve T\u00fcrk Amerikan Kolejleri Tarih\u00e7esi ve E\u011fitim Anlay\u0131\u015f\u0131 T\u00fcrk-Amerikan Derne\u011fi (TAD), 1951 y\u0131l\u0131nda T\u00fcrkiye ve Amerika Birle\u015fik Devletleri aras\u0131nda imzalanan ikili anla\u015fma ile kurulmu\u015f, k\u00f6kl\u00fc ve prestijli bir sivil toplum kurulu\u015fudur. Kurucular\u0131 aras\u0131nda d\u00f6nemin Milli E\u011fitim Bakan\u0131 Tevfik \u0130leri, yazar ve akademisyen Halide Edip Ad\u0131var ve ABD Ankara B\u00fcy\u00fckel\u00e7isi George Wadsworth gibi \u00f6nemli isimler yer almaktad\u0131r. Kurulu\u015fundan bu yana binlerce bireye y\u00fcksek kaliteli \u0130ngilizce dil e\u011fitimi sunan TAD, T\u00fcrkiye\u2019nin d\u00f6rt bir yan\u0131nda yayg\u0131nla\u015farak g\u00fc\u00e7l\u00fc bir e\u011fitim a\u011f\u0131 olu\u015fturmu\u015ftur. Dernek merkezinde \u0130ngilizce, \u0130spanyolca ve yabanc\u0131lara T\u00fcrk\u00e7e kurslar\u0131n\u0131n yan\u0131 s\u0131ra tiyatro, sergi, konser ve paneller gibi k\u00fclt\u00fcrel etkinlikler de d\u00fczenlenmektedir. Bu k\u00f6kl\u00fc miras \u00fczerine in\u015fa edilen T\u00fcrk Amerikan Kolejleri, \u00fclkemizde e\u011fitim hizmetleri vermeye devam ederken tarihsel \u00f6ncelikli amac\u0131n\u0131 da korumaktad\u0131r: Ya\u015fad\u0131\u011f\u0131m\u0131z \u00fclkeyi ve k\u00fclt\u00fcr\u00fc y\u00fcceltmek; kendi milli kimli\u011fini kazanm\u0131\u015f, \u00f6z\u00fcmsemi\u015f, \u00f6z kimlikli ve ki\u015filikli bireyler yeti\u015ftirerek \u00fclkemize ve k\u00fclt\u00fcr\u00fcm\u00fcze de\u011fer kazand\u0131rmak. Bunun yan\u0131nda global d\u00fcnyada s\u0131n\u0131rlar\u0131 kalkm\u0131\u015f bir ekonomik pazarda var olabilen kaliteli ve nitelikli \u00f6\u011frenciler yeti\u015ftirmeyi hedeflemektedir. Okullar\u0131m\u0131z\u0131n dil e\u011fitim programlar\u0131, 2012-R0006 kodu ile Avrupa Konseyi taraf\u0131ndan onaylanm\u0131\u015f ve akredite edilmi\u015ftir. Bu sayede \u00f6\u011frencilerimiz yabanc\u0131 dil y\u00f6n\u00fcnden Avrupa Birli\u011fi \u00fclkelerindeki \u00f6\u011frencilerle e\u015fit e\u011fitim haklar\u0131na sahiptir. En \u00f6nemli \u00f6zelliklerimizden biri olan Bilingual \u2013 \u00c7ift Dilde E\u011fitim modelimizde \u0130ngilizce bir ders de\u011fil, bir ya\u015fam bi\u00e7imi ve ileti\u015fim arac\u0131 olarak ele al\u0131n\u0131r. \u00d6\u011frencilerimiz \u0130ngilizceyi \u00f6\u011frenmekten \u00f6te, edinirler. Derslerde \u00f6\u011fretmenin yan\u0131nda yer alan \u0130ngilizce E\u011fitim Ko\u00e7u, \u00f6\u011frencinin derslere \u0130ngilizce kat\u0131l\u0131m\u0131n\u0131 sa\u011flar. B\u00f6ylece T\u00fcrk Amerikan Kolejleri \u00f6\u011frencileri, akademik hayata \u0130ngilizceyi ana dili seviyesinde bilerek ba\u015flar ve uluslararas\u0131 \u00fcniversitelerden burs ve e\u011fitim davetleri alabilecek bir donan\u0131ma sahip olurlar. Okullar\u0131m\u0131z, \u00e7ocuklar\u0131m\u0131z\u0131n \u00e7a\u011fda\u015f, yarat\u0131c\u0131, sosyal ve yabanc\u0131 dilde kendini ifade edebilme becerilerini geli\u015ftirmelerini destekleyen; geli\u015fen teknolojiyi de \u00f6\u011frenme s\u00fcre\u00e7lerine uyarlayan bir e\u011fitim ortam\u0131 sunar. Hedefimiz, h\u0131zla de\u011fi\u015fen d\u00fcnyaya uyum sa\u011flayabilen, sa\u011fl\u0131kl\u0131, aktif, yarat\u0131c\u0131 ve ara\u015ft\u0131rmac\u0131 bireyler yeti\u015ftirerek \u00f6\u011frencilerimizi gelece\u011fe g\u00fcvenle haz\u0131rlamakt\u0131r. Ayr\u0131ca okullar\u0131m\u0131z miza\u00e7 temelli e\u011fitim yakla\u015f\u0131m\u0131yla her bireyin kendine \u00f6zg\u00fc bir d\u00fcnya oldu\u011funu kabul eder. E\u011fitim anlay\u0131\u015f\u0131m\u0131z yaln\u0131zca akademik ba\u015far\u0131ya odaklanmaz; sanat, sosyal ve k\u00fclt\u00fcrel etkinlikleri de e\u011fitimin ayr\u0131lmaz bir par\u00e7as\u0131 olarak g\u00f6r\u00fcr. Rehberlik servisimiz \u00f6\u011frencilerimiz ve velilerimizle s\u00fcrekli ileti\u015fim halinde olup \u00f6\u011fretmen, \u00f6\u011frenci ve veli aras\u0131nda g\u00fc\u00e7l\u00fc bir k\u00f6pr\u00fc olu\u015fturur. \u0130leti\u015fim, kurumlar\u0131m\u0131z\u0131n en g\u00fc\u00e7l\u00fc yanlar\u0131ndan biridir. \u0130dare, \u00f6\u011fretmen, \u00f6\u011frenci ve veli etkile\u015fimine b\u00fcy\u00fck \u00f6nem verir; birlikte d\u00fczenlenen kahvalt\u0131lar, yemekler, geziler, sanatsal faaliyetler, \u00f6zel g\u00fcn kutlamalar\u0131, sosyal yard\u0131mla\u015fma ve k\u00fclt\u00fcrel etkinlikler e\u011fitim anlay\u0131\u015f\u0131m\u0131z\u0131n temel unsurlar\u0131n\u0131 olu\u015fturur.<\/p>\n","protected":false},"author":1,"featured_media":0,"parent":0,"menu_order":0,"comment_status":"closed","ping_status":"closed","template":"","meta":{"footnotes":""},"class_list":["post-487","page","type-page","status-publish","hentry"],"_links":{"self":[{"href":"https:\/\/turkamerikankolejleri.com\/index.php\/wp-json\/wp\/v2\/pages\/487","targetHints":{"allow":["GET"]}}],"collection":[{"href":"https:\/\/turkamerikankolejleri.com\/index.php\/wp-json\/wp\/v2\/pages"}],"about":[{"href":"https:\/\/turkamerikankolejleri.com\/index.php\/wp-json\/wp\/v2\/types\/page"}],"author":[{"embeddable":true,"href":"https:\/\/turkamerikankolejleri.com\/index.php\/wp-json\/wp\/v2\/users\/1"}],"replies":[{"embeddable":true,"href":"https:\/\/turkamerikankolejleri.com\/index.php\/wp-json\/wp\/v2\/comments?post=487"}],"version-history":[{"count":35,"href":"https:\/\/turkamerikankolejleri.com\/index.php\/wp-json\/wp\/v2\/pages\/487\/revisions"}],"predecessor-version":[{"id":2997,"href":"https:\/\/turkamerikankolejleri.com\/index.php\/wp-json\/wp\/v2\/pages\/487\/revisions\/2997"}],"wp:attachment":[{"href":"https:\/\/turkamerikankolejleri.com\/index.php\/wp-json\/wp\/v2\/media?parent=487"}],"curies":[{"name":"wp","href":"https:\/\/api.w.org\/{rel}","templated":true}]}}