{"id":2700,"date":"2025-11-20T12:00:14","date_gmt":"2025-11-20T12:00:14","guid":{"rendered":"https:\/\/turkamerikankolejleri.com\/?page_id=2700"},"modified":"2025-12-03T17:39:54","modified_gmt":"2025-12-03T17:39:54","slug":"akademik-calismalar","status":"publish","type":"page","link":"https:\/\/turkamerikankolejleri.com\/index.php\/akademik-calismalar\/","title":{"rendered":"Akademik \u00c7al\u0131\u015fmalar"},"content":{"rendered":"\t\t<div data-elementor-type=\"wp-page\" data-elementor-id=\"2700\" class=\"elementor elementor-2700\" data-elementor-post-type=\"page\">\n\t\t\t\t<div class=\"elementor-element elementor-element-cbd6a5d e-con-full e-flex wpr-particle-no wpr-jarallax-no wpr-parallax-no wpr-sticky-section-no e-con e-parent\" data-id=\"cbd6a5d\" data-element_type=\"container\" data-settings=\"{&quot;background_background&quot;:&quot;classic&quot;}\">\n\t\t<div class=\"elementor-element elementor-element-8e773e0 e-flex e-con-boxed wpr-particle-no wpr-jarallax-no wpr-parallax-no wpr-sticky-section-no e-con e-child\" data-id=\"8e773e0\" data-element_type=\"container\" data-settings=\"{&quot;background_background&quot;:&quot;classic&quot;}\">\n\t\t\t\t\t<div class=\"e-con-inner\">\n\t\t<div class=\"elementor-element elementor-element-9816061 e-con-full e-flex wpr-particle-no wpr-jarallax-no wpr-parallax-no wpr-sticky-section-no e-con e-child\" data-id=\"9816061\" data-element_type=\"container\">\n\t\t\t\t<\/div>\n\t\t<div class=\"elementor-element elementor-element-442ee71 e-con-full e-flex wpr-particle-no wpr-jarallax-no wpr-parallax-no wpr-sticky-section-no e-con e-child\" data-id=\"442ee71\" data-element_type=\"container\">\n\t\t\t\t<div class=\"elementor-element elementor-element-37ff8c4 elementor-widget elementor-widget-shortcode\" data-id=\"37ff8c4\" data-element_type=\"widget\" data-widget_type=\"shortcode.default\">\n\t\t\t\t\t\t\t<div class=\"elementor-shortcode\"><nav aria-label=\"breadcrumbs\" class=\"rank-math-breadcrumb\"><p><span class=\"last\">Ana Sayfa<\/span><\/p><\/nav><\/div>\n\t\t\t\t\t\t<\/div>\n\t\t\t\t<\/div>\n\t\t\t\t\t<\/div>\n\t\t\t\t<\/div>\n\t\t\t\t<\/div>\n\t\t<div class=\"elementor-element elementor-element-17dea974 e-flex e-con-boxed wpr-particle-no wpr-jarallax-no wpr-parallax-no wpr-sticky-section-no e-con e-parent\" data-id=\"17dea974\" data-element_type=\"container\" data-settings=\"{&quot;background_background&quot;:&quot;classic&quot;}\">\n\t\t\t\t\t<div class=\"e-con-inner\">\n\t\t<div class=\"elementor-element elementor-element-4009598d e-con-full e-flex wpr-particle-no wpr-jarallax-no wpr-parallax-no wpr-sticky-section-no e-con e-child\" data-id=\"4009598d\" data-element_type=\"container\">\n\t\t<div class=\"elementor-element elementor-element-510343c e-con-full e-flex wpr-particle-no wpr-jarallax-no wpr-parallax-no wpr-sticky-section-no e-con e-child\" data-id=\"510343c\" data-element_type=\"container\">\n\t\t\t\t<div class=\"elementor-element elementor-element-7b83cd4 elementor-widget elementor-widget-text-editor\" data-id=\"7b83cd4\" data-element_type=\"widget\" data-widget_type=\"text-editor.default\">\n\t\t\t\t\t\t\t\t\t<p>T\u00fcrk Amerikan Koleji, yenilik\u00e7i e\u011fitim programlar\u0131 ve y\u00f6ntemleriyle \u00f6\u011frencilerine uluslararas\u0131 standartlarda, y\u00fcksek nitelikli, \u00e7ok y\u00f6nl\u00fc e\u011fitim sunuyor. Okulumuz, \u00f6\u011frencilerimize sadece bilgi aktarmakla kalmay\u0131p ayn\u0131 zamanda \u00f6\u011frenmeyi ya\u015fam boyu s\u00fcren bir yolculuk olarak g\u00f6rmektedir. Okulumuzun akademik programlar\u0131na ve \u00f6zelliklerine dair bilgi:<\/p><p>\u00c7ift Dilli E\u011fitim: Erken \u00e7ocukluk d\u00f6neminden ba\u015flayarak, ilkokul s\u00fcrecinde de s\u0131n\u0131fta, ders d\u0131\u015f\u0131 alan ve etkinliklerde s\u0131n\u0131f \u00f6\u011fretmenine e\u015flik eden \u0130ngilizce \u00f6\u011fretmenlerimiz i\u00e7in temel hedef \u00f6\u011frencilerimizi hedef dile maruz b\u0131rakmakt\u0131r. B\u00f6ylelikle, okullar\u0131m\u0131zda \u0130ngilizce dili, yabanc\u0131 dil olmaktan \u00f6te ikinci bir dil olma s\u0131n\u0131flamas\u0131na al\u0131nmaktad\u0131r.<\/p><p>Bireysel \u00d6\u011frenme Yakla\u015f\u0131m\u0131: Her \u00f6\u011frenci benzersizdir ve bu nedenle okulumuz, \u00f6\u011frencilerin bireysel \u00f6\u011frenme tarzlar\u0131na uyum sa\u011flamay\u0131 \u00f6nemser. \u00d6\u011frencilerin g\u00fc\u00e7l\u00fc ve zay\u0131f y\u00f6nlerini tan\u0131mlayarak ki\u015fiselle\u015ftirilmi\u015f \u00f6\u011frenme deneyimleri sunar.<\/p><p>Proje Tabanl\u0131 \u00d6\u011frenme: \u00d6\u011frencilerimiz, projeler arac\u0131l\u0131\u011f\u0131yla ger\u00e7ek d\u00fcnya deneyimleri kazan\u0131rlar. Ara\u015ft\u0131rma yapma, problem \u00e7\u00f6zme ve yarat\u0131c\u0131 d\u00fc\u015f\u00fcnme becerilerini geli\u015ftirirler.<\/p>\t\t\t\t\t\t\t\t<\/div>\n\t\t\t\t<\/div>\n\t\t<div class=\"elementor-element elementor-element-52574c2b e-con-full e-flex wpr-particle-no wpr-jarallax-no wpr-parallax-no wpr-sticky-section-no e-con e-child\" data-id=\"52574c2b\" data-element_type=\"container\" data-settings=\"{&quot;background_background&quot;:&quot;classic&quot;}\">\n\t\t\t\t<\/div>\n\t\t\t\t<\/div>\n\t\t<div class=\"elementor-element elementor-element-55e4a92 e-con-full e-flex wpr-particle-no wpr-jarallax-no wpr-parallax-no wpr-sticky-section-no e-con e-child\" data-id=\"55e4a92\" data-element_type=\"container\">\n\t\t<div class=\"elementor-element elementor-element-1b56d96e e-con-full e-flex wpr-particle-no wpr-jarallax-no wpr-parallax-no wpr-sticky-section-no e-con e-child\" data-id=\"1b56d96e\" data-element_type=\"container\" data-settings=\"{&quot;background_background&quot;:&quot;classic&quot;}\">\n\t\t\t\t<\/div>\n\t\t<div class=\"elementor-element elementor-element-6221cfd8 e-con-full e-flex wpr-particle-no wpr-jarallax-no wpr-parallax-no wpr-sticky-section-no e-con e-child\" data-id=\"6221cfd8\" data-element_type=\"container\">\n\t\t\t\t<div class=\"elementor-element elementor-element-a1cecee elementor-widget elementor-widget-text-editor\" data-id=\"a1cecee\" data-element_type=\"widget\" data-widget_type=\"text-editor.default\">\n\t\t\t\t\t\t\t\t\t<p><b>E-\u00f6\u011frenme Teknolojileri:<\/b> Dijital teknolojilerin g\u00fcc\u00fcn\u00fc \u00f6\u011frencilerimizin lehine kullan\u0131r\u0131z. E-\u00f6\u011frenme platformlar\u0131, \u00f6\u011frencilerimize her zaman ve her yerden eri\u015fim sa\u011flar, b\u00f6ylece \u00f6\u011frenme s\u00fcrecini esnek hale getirir. \u00d6\u011frencilerimiz, \u00e7evrimi\u00e7i kaynaklar, interaktif materyaller ve \u00e7evrimi\u00e7i dersler arac\u0131l\u0131\u011f\u0131yla zengin bir \u00f6\u011frenme deneyimi ya\u015farlar.<\/p><p><b>Zenginle\u015ftirilmi\u015f Akademik Programlar:<\/b> Ana s\u0131n\u0131f\u0131ndan itibaren ilkokul,ortaokul ve lise \u00f6\u011frencilerimiz akademik alanlarda belirlenen kazan\u0131mlara paralel olarak haz\u0131rlanm\u0131\u015f \u201czenginle\u015ftirilmi\u015f akademik programlar\u201d \u00f6\u011frencilerimizin en \u00fcst d\u00fczeyde bilgi edinmelerini sa\u011fl\u0131yor. T\u00fcm akademik dersler ek m\u00fcfredatlar ile desteklenirken, Matematik ,Sosyal Bilimler ve Fen Bilimleri dersleri t\u00fcm s\u0131n\u0131flar d\u00fczeyinde \u00f6zel olarak haz\u0131rlanm\u0131\u015f ve ileri m\u00fcfredat programlar\u0131 ile zenginle\u015ftirilmi\u015ftir. Bu esnada kurumumuzca \u00f6\u011frencilerimize olimpiyat tak\u0131mlar\u0131yla ulusal ve uluslararas\u0131 arenada kendilerini ve okulumuzu temsil etme yetisi de kazand\u0131r\u0131lmaya \u00e7al\u0131\u015f\u0131lmaktad\u0131r.<\/p>\t\t\t\t\t\t\t\t<\/div>\n\t\t\t\t<\/div>\n\t\t\t\t<\/div>\n\t\t<div class=\"elementor-element elementor-element-bdaded0 e-con-full e-flex wpr-particle-no wpr-jarallax-no wpr-parallax-no wpr-sticky-section-no e-con e-child\" data-id=\"bdaded0\" data-element_type=\"container\">\n\t\t<div class=\"elementor-element elementor-element-5ce1427 e-con-full e-flex wpr-particle-no wpr-jarallax-no wpr-parallax-no wpr-sticky-section-no e-con e-child\" data-id=\"5ce1427\" data-element_type=\"container\">\n\t\t\t\t<div class=\"elementor-element elementor-element-a2de288 elementor-widget elementor-widget-text-editor\" data-id=\"a2de288\" data-element_type=\"widget\" data-widget_type=\"text-editor.default\">\n\t\t\t\t\t\t\t\t\t<p><b>Sosyal Etkile\u015fim ve \u0130\u015fbirli\u011fi:<\/b> Akademik \u00e7al\u0131\u015fmalar\u0131m\u0131z, \u00f6\u011frencilerin sosyal becerilerini geli\u015ftirmelerine ve i\u015fbirli\u011fi yapmalar\u0131na f\u0131rsat tan\u0131r. Sanal s\u0131n\u0131f odalar\u0131, projeler ve grup \u00e7al\u0131\u015fmalar\u0131, \u00f6\u011frencilerin birbirleriyle etkile\u015fimde bulunmalar\u0131n\u0131 te\u015fvik eder.<\/p><p><b>De\u011ferler E\u011fitimi: <\/b>Okulumuz, \u00f6\u011frencilerimize sadece bilgi kazand\u0131rmakla kalmaz, ayn\u0131 zamanda karakter geli\u015fimine de b\u00fcy\u00fck \u00f6nem verir. Empati, d\u00fcr\u00fcstl\u00fck, sorumluluk ve etik de\u011ferler, \u00f6\u011frencilerimizin ki\u015fisel ve toplumsal b\u00fcy\u00fcmesinin temelidir.<\/p><p>Amac\u0131m\u0131z, her \u00f6\u011frencinin potansiyelini en \u00fcst d\u00fczeye \u00e7\u0131karmak ve onlar\u0131 gelece\u011fe haz\u0131rlamakt\u0131r. Bu nedenle, akademik \u00e7al\u0131\u015fmalar\u0131m\u0131z\u0131 ki\u015fisel, sosyal ve k\u00fclt\u00fcrel geli\u015fimlerini destekleyecek \u015fekilde tasarlar\u0131z.<\/p>\t\t\t\t\t\t\t\t<\/div>\n\t\t\t\t<\/div>\n\t\t<div class=\"elementor-element elementor-element-40cd76b e-con-full e-flex wpr-particle-no wpr-jarallax-no wpr-parallax-no wpr-sticky-section-no e-con e-child\" data-id=\"40cd76b\" data-element_type=\"container\" data-settings=\"{&quot;background_background&quot;:&quot;classic&quot;}\">\n\t\t\t\t<\/div>\n\t\t\t\t<\/div>\n\t\t\t\t\t<\/div>\n\t\t\t\t<\/div>\n\t\t\t\t<\/div>\n\t\t","protected":false},"excerpt":{"rendered":"<p>T\u00fcrk Amerikan Koleji, yenilik\u00e7i e\u011fitim programlar\u0131 ve y\u00f6ntemleriyle \u00f6\u011frencilerine uluslararas\u0131 standartlarda, y\u00fcksek nitelikli, \u00e7ok y\u00f6nl\u00fc e\u011fitim sunuyor. Okulumuz, \u00f6\u011frencilerimize sadece bilgi aktarmakla kalmay\u0131p ayn\u0131 zamanda \u00f6\u011frenmeyi ya\u015fam boyu s\u00fcren bir yolculuk olarak g\u00f6rmektedir. Okulumuzun akademik programlar\u0131na ve \u00f6zelliklerine dair bilgi: \u00c7ift Dilli E\u011fitim: Erken \u00e7ocukluk d\u00f6neminden ba\u015flayarak, ilkokul s\u00fcrecinde de s\u0131n\u0131fta, ders d\u0131\u015f\u0131 alan ve etkinliklerde s\u0131n\u0131f \u00f6\u011fretmenine e\u015flik eden \u0130ngilizce \u00f6\u011fretmenlerimiz i\u00e7in temel hedef \u00f6\u011frencilerimizi hedef dile maruz b\u0131rakmakt\u0131r. B\u00f6ylelikle, okullar\u0131m\u0131zda \u0130ngilizce dili, yabanc\u0131 dil olmaktan \u00f6te ikinci bir dil olma s\u0131n\u0131flamas\u0131na al\u0131nmaktad\u0131r. Bireysel \u00d6\u011frenme Yakla\u015f\u0131m\u0131: Her \u00f6\u011frenci benzersizdir ve bu nedenle okulumuz, \u00f6\u011frencilerin bireysel \u00f6\u011frenme tarzlar\u0131na uyum sa\u011flamay\u0131 \u00f6nemser. \u00d6\u011frencilerin g\u00fc\u00e7l\u00fc ve zay\u0131f y\u00f6nlerini tan\u0131mlayarak ki\u015fiselle\u015ftirilmi\u015f \u00f6\u011frenme deneyimleri sunar. Proje Tabanl\u0131 \u00d6\u011frenme: \u00d6\u011frencilerimiz, projeler arac\u0131l\u0131\u011f\u0131yla ger\u00e7ek d\u00fcnya deneyimleri kazan\u0131rlar. Ara\u015ft\u0131rma yapma, problem \u00e7\u00f6zme ve yarat\u0131c\u0131 d\u00fc\u015f\u00fcnme becerilerini geli\u015ftirirler. E-\u00f6\u011frenme Teknolojileri: Dijital teknolojilerin g\u00fcc\u00fcn\u00fc \u00f6\u011frencilerimizin lehine kullan\u0131r\u0131z. E-\u00f6\u011frenme platformlar\u0131, \u00f6\u011frencilerimize her zaman ve her yerden eri\u015fim sa\u011flar, b\u00f6ylece \u00f6\u011frenme s\u00fcrecini esnek hale getirir. \u00d6\u011frencilerimiz, \u00e7evrimi\u00e7i kaynaklar, interaktif materyaller ve \u00e7evrimi\u00e7i dersler arac\u0131l\u0131\u011f\u0131yla zengin bir \u00f6\u011frenme deneyimi ya\u015farlar. Zenginle\u015ftirilmi\u015f Akademik Programlar: Ana s\u0131n\u0131f\u0131ndan itibaren ilkokul,ortaokul ve lise \u00f6\u011frencilerimiz akademik alanlarda belirlenen kazan\u0131mlara paralel olarak haz\u0131rlanm\u0131\u015f \u201czenginle\u015ftirilmi\u015f akademik programlar\u201d \u00f6\u011frencilerimizin en \u00fcst d\u00fczeyde bilgi edinmelerini sa\u011fl\u0131yor. T\u00fcm akademik dersler ek m\u00fcfredatlar ile desteklenirken, Matematik ,Sosyal Bilimler ve Fen Bilimleri dersleri t\u00fcm s\u0131n\u0131flar d\u00fczeyinde \u00f6zel olarak haz\u0131rlanm\u0131\u015f ve ileri m\u00fcfredat programlar\u0131 ile zenginle\u015ftirilmi\u015ftir. Bu esnada kurumumuzca \u00f6\u011frencilerimize olimpiyat tak\u0131mlar\u0131yla ulusal ve uluslararas\u0131 arenada kendilerini ve okulumuzu temsil etme yetisi de kazand\u0131r\u0131lmaya \u00e7al\u0131\u015f\u0131lmaktad\u0131r. Sosyal Etkile\u015fim ve \u0130\u015fbirli\u011fi: Akademik \u00e7al\u0131\u015fmalar\u0131m\u0131z, \u00f6\u011frencilerin sosyal becerilerini geli\u015ftirmelerine ve i\u015fbirli\u011fi yapmalar\u0131na f\u0131rsat tan\u0131r. Sanal s\u0131n\u0131f odalar\u0131, projeler ve grup \u00e7al\u0131\u015fmalar\u0131, \u00f6\u011frencilerin birbirleriyle etkile\u015fimde bulunmalar\u0131n\u0131 te\u015fvik eder. De\u011ferler E\u011fitimi: Okulumuz, \u00f6\u011frencilerimize sadece bilgi kazand\u0131rmakla kalmaz, ayn\u0131 zamanda karakter geli\u015fimine de b\u00fcy\u00fck \u00f6nem verir. Empati, d\u00fcr\u00fcstl\u00fck, sorumluluk ve etik de\u011ferler, \u00f6\u011frencilerimizin ki\u015fisel ve toplumsal b\u00fcy\u00fcmesinin temelidir. Amac\u0131m\u0131z, her \u00f6\u011frencinin potansiyelini en \u00fcst d\u00fczeye \u00e7\u0131karmak ve onlar\u0131 gelece\u011fe haz\u0131rlamakt\u0131r. Bu nedenle, akademik \u00e7al\u0131\u015fmalar\u0131m\u0131z\u0131 ki\u015fisel, sosyal ve k\u00fclt\u00fcrel geli\u015fimlerini destekleyecek \u015fekilde tasarlar\u0131z.<\/p>\n","protected":false},"author":1,"featured_media":0,"parent":0,"menu_order":0,"comment_status":"closed","ping_status":"closed","template":"","meta":{"footnotes":""},"class_list":["post-2700","page","type-page","status-publish","hentry"],"_links":{"self":[{"href":"https:\/\/turkamerikankolejleri.com\/index.php\/wp-json\/wp\/v2\/pages\/2700","targetHints":{"allow":["GET"]}}],"collection":[{"href":"https:\/\/turkamerikankolejleri.com\/index.php\/wp-json\/wp\/v2\/pages"}],"about":[{"href":"https:\/\/turkamerikankolejleri.com\/index.php\/wp-json\/wp\/v2\/types\/page"}],"author":[{"embeddable":true,"href":"https:\/\/turkamerikankolejleri.com\/index.php\/wp-json\/wp\/v2\/users\/1"}],"replies":[{"embeddable":true,"href":"https:\/\/turkamerikankolejleri.com\/index.php\/wp-json\/wp\/v2\/comments?post=2700"}],"version-history":[{"count":49,"href":"https:\/\/turkamerikankolejleri.com\/index.php\/wp-json\/wp\/v2\/pages\/2700\/revisions"}],"predecessor-version":[{"id":2992,"href":"https:\/\/turkamerikankolejleri.com\/index.php\/wp-json\/wp\/v2\/pages\/2700\/revisions\/2992"}],"wp:attachment":[{"href":"https:\/\/turkamerikankolejleri.com\/index.php\/wp-json\/wp\/v2\/media?parent=2700"}],"curies":[{"name":"wp","href":"https:\/\/api.w.org\/{rel}","templated":true}]}}