{"id":2680,"date":"2025-11-20T11:52:17","date_gmt":"2025-11-20T11:52:17","guid":{"rendered":"https:\/\/turkamerikankolejleri.com\/?page_id=2680"},"modified":"2025-12-04T11:19:04","modified_gmt":"2025-12-04T11:19:04","slug":"spora-bakis-acisi","status":"publish","type":"page","link":"https:\/\/turkamerikankolejleri.com\/index.php\/spora-bakis-acisi\/","title":{"rendered":"Spora Bak\u0131\u015f A\u00e7\u0131s\u0131"},"content":{"rendered":"\t\t<div data-elementor-type=\"wp-page\" data-elementor-id=\"2680\" class=\"elementor elementor-2680\" data-elementor-post-type=\"page\">\n\t\t\t\t<div class=\"elementor-element elementor-element-cbd6a5d e-con-full e-flex wpr-particle-no wpr-jarallax-no wpr-parallax-no wpr-sticky-section-no e-con e-parent\" data-id=\"cbd6a5d\" data-element_type=\"container\" data-settings=\"{&quot;background_background&quot;:&quot;classic&quot;}\">\n\t\t<div class=\"elementor-element elementor-element-fa6fa7d e-flex e-con-boxed wpr-particle-no wpr-jarallax-no wpr-parallax-no wpr-sticky-section-no e-con e-child\" data-id=\"fa6fa7d\" data-element_type=\"container\" data-settings=\"{&quot;background_background&quot;:&quot;classic&quot;}\">\n\t\t\t\t\t<div class=\"e-con-inner\">\n\t\t<div class=\"elementor-element elementor-element-44696a6 e-con-full e-flex wpr-particle-no wpr-jarallax-no wpr-parallax-no wpr-sticky-section-no e-con e-child\" data-id=\"44696a6\" data-element_type=\"container\">\n\t\t\t\t<\/div>\n\t\t<div class=\"elementor-element elementor-element-703a2ee e-con-full e-flex wpr-particle-no wpr-jarallax-no wpr-parallax-no wpr-sticky-section-no e-con e-child\" data-id=\"703a2ee\" data-element_type=\"container\">\n\t\t\t\t<div class=\"elementor-element elementor-element-ac2d79d elementor-widget elementor-widget-shortcode\" data-id=\"ac2d79d\" data-element_type=\"widget\" data-widget_type=\"shortcode.default\">\n\t\t\t\t\t\t\t<div class=\"elementor-shortcode\"><nav aria-label=\"breadcrumbs\" class=\"rank-math-breadcrumb\"><p><span class=\"last\">Ana Sayfa<\/span><\/p><\/nav><\/div>\n\t\t\t\t\t\t<\/div>\n\t\t\t\t<\/div>\n\t\t\t\t\t<\/div>\n\t\t\t\t<\/div>\n\t\t\t\t<\/div>\n\t\t<div class=\"elementor-element elementor-element-17dea974 e-flex e-con-boxed wpr-particle-no wpr-jarallax-no wpr-parallax-no wpr-sticky-section-no e-con e-parent\" data-id=\"17dea974\" data-element_type=\"container\" data-settings=\"{&quot;background_background&quot;:&quot;classic&quot;}\">\n\t\t\t\t\t<div class=\"e-con-inner\">\n\t\t<div class=\"elementor-element elementor-element-4009598d e-con-full e-flex wpr-particle-no wpr-jarallax-no wpr-parallax-no wpr-sticky-section-no e-con e-child\" data-id=\"4009598d\" data-element_type=\"container\">\n\t\t<div class=\"elementor-element elementor-element-510343c e-con-full e-flex wpr-particle-no wpr-jarallax-no wpr-parallax-no wpr-sticky-section-no e-con e-child\" data-id=\"510343c\" data-element_type=\"container\">\n\t\t\t\t<div class=\"elementor-element elementor-element-7b83cd4 elementor-widget elementor-widget-text-editor\" data-id=\"7b83cd4\" data-element_type=\"widget\" data-widget_type=\"text-editor.default\">\n\t\t\t\t\t\t\t\t\t<p>T\u00fcrk Amerikan Kolejleri \u00f6\u011frencileri t\u00fcm geli\u015fim alanlar\u0131n\u0131 desteklemeyi ve zenginle\u015ftirmeyi ama\u00e7layan bir e\u011fitim anlay\u0131\u015f\u0131yla hareket etmektedir. Bu vizyonun bir par\u00e7as\u0131 olarak, spora olan yakla\u015f\u0131m\u0131m\u0131z b\u00fcy\u00fck \u00f6nem ta\u015f\u0131maktad\u0131r. Spor, \u00f6\u011frencilerimizin sa\u011fl\u0131kl\u0131 ya\u015fam tarzlar\u0131na y\u00f6nlendirilmesi, karakter geli\u015fimleri ve sosyal becerilerinin art\u0131r\u0131lmas\u0131 i\u00e7in vazge\u00e7ilmez bir ara\u00e7 olarak kabul edilir.<\/p><p>Bizim i\u00e7in spor sadece fiziksel bir aktivite de\u011fil, ayn\u0131 zamanda \u00f6\u011frencilerin bireysel potansiyellerini ke\u015ffetmelerine, liderlik yeteneklerini geli\u015ftirmelerine ve etik de\u011ferleri i\u00e7selle\u015ftirmelerine olanak tan\u0131yan bir platformdur. \u00d6\u011frencilerimizi yaln\u0131zca saha i\u00e7inde de\u011fil, ayn\u0131 zamanda saha d\u0131\u015f\u0131nda da centilmenlik, sayg\u0131 ve adil oyun prensipleriyle donatarak, karakterlerini olumlu y\u00f6nde \u015fekillendirmelerini hedefliyoruz.<\/p><p>Okulumuzun spor program\u0131, \u00e7e\u015fitlilik ve kapsay\u0131c\u0131l\u0131k temelinde in\u015fa edilmi\u015ftir. \u00d6\u011frencilerimize farkl\u0131 spor dallar\u0131n\u0131 deneme ve se\u00e7me f\u0131rsat\u0131 sunarak, onlar\u0131n ilgi alanlar\u0131n\u0131 ke\u015ffetmelerine ve yeteneklerini geli\u015ftirmelerine olanak tan\u0131r\u0131z. Spor, sadece bedensel yetenekleri de\u011fil, ayn\u0131 zamanda i\u015fbirli\u011fi, ileti\u015fim ve problem \u00e7\u00f6zme gibi \u00f6nemli sosyal becerileri de g\u00fc\u00e7lendirir. Tak\u0131m \u00e7al\u0131\u015fmas\u0131n\u0131n ve bireysel ba\u015far\u0131n\u0131n bir arada nas\u0131l var olabilece\u011fini \u00f6\u011frenirken, \u00f6\u011frencilerimiz kendilerini hem fiziksel hem de zihinsel olarak geli\u015ftirirler.<\/p>\t\t\t\t\t\t\t\t<\/div>\n\t\t\t\t<\/div>\n\t\t<div class=\"elementor-element elementor-element-52574c2b e-con-full elementor-hidden-tablet elementor-hidden-mobile e-flex wpr-particle-no wpr-jarallax-no wpr-parallax-no wpr-sticky-section-no e-con e-child\" data-id=\"52574c2b\" data-element_type=\"container\" data-settings=\"{&quot;background_background&quot;:&quot;classic&quot;}\">\n\t\t\t\t<\/div>\n\t\t\t\t<\/div>\n\t\t<div class=\"elementor-element elementor-element-55e4a92 e-con-full e-flex wpr-particle-no wpr-jarallax-no wpr-parallax-no wpr-sticky-section-no e-con e-child\" data-id=\"55e4a92\" data-element_type=\"container\">\n\t\t<div class=\"elementor-element elementor-element-1b56d96e e-con-full e-flex wpr-particle-no wpr-jarallax-no wpr-parallax-no wpr-sticky-section-no e-con e-child\" data-id=\"1b56d96e\" data-element_type=\"container\" data-settings=\"{&quot;background_background&quot;:&quot;classic&quot;}\">\n\t\t\t\t<\/div>\n\t\t<div class=\"elementor-element elementor-element-6221cfd8 e-con-full e-flex wpr-particle-no wpr-jarallax-no wpr-parallax-no wpr-sticky-section-no e-con e-child\" data-id=\"6221cfd8\" data-element_type=\"container\">\n\t\t\t\t<div class=\"elementor-element elementor-element-a1cecee elementor-widget elementor-widget-text-editor\" data-id=\"a1cecee\" data-element_type=\"widget\" data-widget_type=\"text-editor.default\">\n\t\t\t\t\t\t\t\t\t<p>E\u011fitim program\u0131m\u0131z\u0131n bir par\u00e7as\u0131 olarak, akademik ba\u015far\u0131yla spor aras\u0131nda denge sa\u011flama konusuna da b\u00fcy\u00fck \u00f6nem veriyoruz. \u00d6\u011frencilerimizin sporun yan\u0131 s\u0131ra akademik y\u00fck\u00fcml\u00fcl\u00fcklerini de yerine getirmelerini te\u015fvik ediyoruz. Bu denge, \u00f6\u011frencilerimizin disiplin ve zaman y\u00f6netimi becerilerini geli\u015ftirmelerine yard\u0131mc\u0131 olurken, ayn\u0131 zamanda hayat\u0131n farkl\u0131 alanlar\u0131nda ba\u015far\u0131l\u0131 bireyler olmalar\u0131n\u0131 destekler.<\/p><p>Spora bak\u0131\u015f a\u00e7\u0131m\u0131z, ayn\u0131 zamanda ailelerimiz ve toplulukla i\u015fbirli\u011fini g\u00fc\u00e7lendiren bir ara\u00e7t\u0131r. Okulumuz, ailelerin spor etkinliklerine kat\u0131l\u0131m\u0131n\u0131 te\u015fvik eder ve topluluk deste\u011fi ile \u00f6\u011frencilerin spor deneyimini daha anlaml\u0131 hale getirir. Bu i\u015fbirli\u011fi sayesinde, \u00f6\u011frencilerimiz hem akademik hem de sosyal geli\u015fimlerini en \u00fcst d\u00fczeye \u00e7\u0131karabilirler. \u00d6\u011frencilerimizin sa\u011fl\u0131\u011f\u0131n\u0131 desteklemek, karakterlerini g\u00fc\u00e7lendirmek, sosyal becerilerini art\u0131rmak ve bireysel potansiyellerini ortaya \u00e7\u0131karmak \u00fczerine odaklan\u0131r. E\u011fitimdeki b\u00fct\u00fcnsel yakla\u015f\u0131m\u0131m\u0131z\u0131n ayr\u0131lmaz bir par\u00e7as\u0131d\u0131r ve \u00f6\u011frencilerimizin ba\u015far\u0131l\u0131, etik de\u011ferlere sahip ve toplumlar\u0131na katk\u0131 sa\u011flayan bireyler olarak yeti\u015fmelerine yard\u0131mc\u0131 olur.<\/p>\t\t\t\t\t\t\t\t<\/div>\n\t\t\t\t<\/div>\n\t\t\t\t<\/div>\n\t\t\t\t\t<\/div>\n\t\t\t\t<\/div>\n\t\t\t\t<\/div>\n\t\t","protected":false},"excerpt":{"rendered":"<p>T\u00fcrk Amerikan Kolejleri \u00f6\u011frencileri t\u00fcm geli\u015fim alanlar\u0131n\u0131 desteklemeyi ve zenginle\u015ftirmeyi ama\u00e7layan bir e\u011fitim anlay\u0131\u015f\u0131yla hareket etmektedir. Bu vizyonun bir par\u00e7as\u0131 olarak, spora olan yakla\u015f\u0131m\u0131m\u0131z b\u00fcy\u00fck \u00f6nem ta\u015f\u0131maktad\u0131r. Spor, \u00f6\u011frencilerimizin sa\u011fl\u0131kl\u0131 ya\u015fam tarzlar\u0131na y\u00f6nlendirilmesi, karakter geli\u015fimleri ve sosyal becerilerinin art\u0131r\u0131lmas\u0131 i\u00e7in vazge\u00e7ilmez bir ara\u00e7 olarak kabul edilir. Bizim i\u00e7in spor sadece fiziksel bir aktivite de\u011fil, ayn\u0131 zamanda \u00f6\u011frencilerin bireysel potansiyellerini ke\u015ffetmelerine, liderlik yeteneklerini geli\u015ftirmelerine ve etik de\u011ferleri i\u00e7selle\u015ftirmelerine olanak tan\u0131yan bir platformdur. \u00d6\u011frencilerimizi yaln\u0131zca saha i\u00e7inde de\u011fil, ayn\u0131 zamanda saha d\u0131\u015f\u0131nda da centilmenlik, sayg\u0131 ve adil oyun prensipleriyle donatarak, karakterlerini olumlu y\u00f6nde \u015fekillendirmelerini hedefliyoruz. Okulumuzun spor program\u0131, \u00e7e\u015fitlilik ve kapsay\u0131c\u0131l\u0131k temelinde in\u015fa edilmi\u015ftir. \u00d6\u011frencilerimize farkl\u0131 spor dallar\u0131n\u0131 deneme ve se\u00e7me f\u0131rsat\u0131 sunarak, onlar\u0131n ilgi alanlar\u0131n\u0131 ke\u015ffetmelerine ve yeteneklerini geli\u015ftirmelerine olanak tan\u0131r\u0131z. Spor, sadece bedensel yetenekleri de\u011fil, ayn\u0131 zamanda i\u015fbirli\u011fi, ileti\u015fim ve problem \u00e7\u00f6zme gibi \u00f6nemli sosyal becerileri de g\u00fc\u00e7lendirir. Tak\u0131m \u00e7al\u0131\u015fmas\u0131n\u0131n ve bireysel ba\u015far\u0131n\u0131n bir arada nas\u0131l var olabilece\u011fini \u00f6\u011frenirken, \u00f6\u011frencilerimiz kendilerini hem fiziksel hem de zihinsel olarak geli\u015ftirirler. E\u011fitim program\u0131m\u0131z\u0131n bir par\u00e7as\u0131 olarak, akademik ba\u015far\u0131yla spor aras\u0131nda denge sa\u011flama konusuna da b\u00fcy\u00fck \u00f6nem veriyoruz. \u00d6\u011frencilerimizin sporun yan\u0131 s\u0131ra akademik y\u00fck\u00fcml\u00fcl\u00fcklerini de yerine getirmelerini te\u015fvik ediyoruz. Bu denge, \u00f6\u011frencilerimizin disiplin ve zaman y\u00f6netimi becerilerini geli\u015ftirmelerine yard\u0131mc\u0131 olurken, ayn\u0131 zamanda hayat\u0131n farkl\u0131 alanlar\u0131nda ba\u015far\u0131l\u0131 bireyler olmalar\u0131n\u0131 destekler. Spora bak\u0131\u015f a\u00e7\u0131m\u0131z, ayn\u0131 zamanda ailelerimiz ve toplulukla i\u015fbirli\u011fini g\u00fc\u00e7lendiren bir ara\u00e7t\u0131r. Okulumuz, ailelerin spor etkinliklerine kat\u0131l\u0131m\u0131n\u0131 te\u015fvik eder ve topluluk deste\u011fi ile \u00f6\u011frencilerin spor deneyimini daha anlaml\u0131 hale getirir. Bu i\u015fbirli\u011fi sayesinde, \u00f6\u011frencilerimiz hem akademik hem de sosyal geli\u015fimlerini en \u00fcst d\u00fczeye \u00e7\u0131karabilirler. \u00d6\u011frencilerimizin sa\u011fl\u0131\u011f\u0131n\u0131 desteklemek, karakterlerini g\u00fc\u00e7lendirmek, sosyal becerilerini art\u0131rmak ve bireysel potansiyellerini ortaya \u00e7\u0131karmak \u00fczerine odaklan\u0131r. E\u011fitimdeki b\u00fct\u00fcnsel yakla\u015f\u0131m\u0131m\u0131z\u0131n ayr\u0131lmaz bir par\u00e7as\u0131d\u0131r ve \u00f6\u011frencilerimizin ba\u015far\u0131l\u0131, etik de\u011ferlere sahip ve toplumlar\u0131na katk\u0131 sa\u011flayan bireyler olarak yeti\u015fmelerine yard\u0131mc\u0131 olur.<\/p>\n","protected":false},"author":1,"featured_media":0,"parent":0,"menu_order":0,"comment_status":"closed","ping_status":"closed","template":"","meta":{"footnotes":""},"class_list":["post-2680","page","type-page","status-publish","hentry"],"_links":{"self":[{"href":"https:\/\/turkamerikankolejleri.com\/index.php\/wp-json\/wp\/v2\/pages\/2680","targetHints":{"allow":["GET"]}}],"collection":[{"href":"https:\/\/turkamerikankolejleri.com\/index.php\/wp-json\/wp\/v2\/pages"}],"about":[{"href":"https:\/\/turkamerikankolejleri.com\/index.php\/wp-json\/wp\/v2\/types\/page"}],"author":[{"embeddable":true,"href":"https:\/\/turkamerikankolejleri.com\/index.php\/wp-json\/wp\/v2\/users\/1"}],"replies":[{"embeddable":true,"href":"https:\/\/turkamerikankolejleri.com\/index.php\/wp-json\/wp\/v2\/comments?post=2680"}],"version-history":[{"count":28,"href":"https:\/\/turkamerikankolejleri.com\/index.php\/wp-json\/wp\/v2\/pages\/2680\/revisions"}],"predecessor-version":[{"id":3037,"href":"https:\/\/turkamerikankolejleri.com\/index.php\/wp-json\/wp\/v2\/pages\/2680\/revisions\/3037"}],"wp:attachment":[{"href":"https:\/\/turkamerikankolejleri.com\/index.php\/wp-json\/wp\/v2\/media?parent=2680"}],"curies":[{"name":"wp","href":"https:\/\/api.w.org\/{rel}","templated":true}]}}