{"id":2658,"date":"2025-11-20T11:06:56","date_gmt":"2025-11-20T11:06:56","guid":{"rendered":"https:\/\/turkamerikankolejleri.com\/?page_id=2658"},"modified":"2025-12-04T11:13:25","modified_gmt":"2025-12-04T11:13:25","slug":"sosyal-etkinlikler","status":"publish","type":"page","link":"https:\/\/turkamerikankolejleri.com\/index.php\/sosyal-etkinlikler\/","title":{"rendered":"Sosyal Etkinlikler"},"content":{"rendered":"\t\t<div data-elementor-type=\"wp-page\" data-elementor-id=\"2658\" class=\"elementor elementor-2658\" data-elementor-post-type=\"page\">\n\t\t\t\t<div class=\"elementor-element elementor-element-cbd6a5d e-con-full e-flex wpr-particle-no wpr-jarallax-no wpr-parallax-no wpr-sticky-section-no e-con e-parent\" data-id=\"cbd6a5d\" data-element_type=\"container\" data-settings=\"{&quot;background_background&quot;:&quot;classic&quot;}\">\n\t\t<div class=\"elementor-element elementor-element-fa6fa7d e-flex e-con-boxed wpr-particle-no wpr-jarallax-no wpr-parallax-no wpr-sticky-section-no e-con e-child\" data-id=\"fa6fa7d\" data-element_type=\"container\" data-settings=\"{&quot;background_background&quot;:&quot;classic&quot;}\">\n\t\t\t\t\t<div class=\"e-con-inner\">\n\t\t<div class=\"elementor-element elementor-element-44696a6 e-con-full e-flex wpr-particle-no wpr-jarallax-no wpr-parallax-no wpr-sticky-section-no e-con e-child\" data-id=\"44696a6\" data-element_type=\"container\">\n\t\t\t\t<\/div>\n\t\t<div class=\"elementor-element elementor-element-703a2ee e-con-full e-flex wpr-particle-no wpr-jarallax-no wpr-parallax-no wpr-sticky-section-no e-con e-child\" data-id=\"703a2ee\" data-element_type=\"container\">\n\t\t\t\t<div class=\"elementor-element elementor-element-ac2d79d elementor-widget elementor-widget-shortcode\" data-id=\"ac2d79d\" data-element_type=\"widget\" data-widget_type=\"shortcode.default\">\n\t\t\t\t\t\t\t<div class=\"elementor-shortcode\"><nav aria-label=\"breadcrumbs\" class=\"rank-math-breadcrumb\"><p><span class=\"last\">Ana Sayfa<\/span><\/p><\/nav><\/div>\n\t\t\t\t\t\t<\/div>\n\t\t\t\t<\/div>\n\t\t\t\t\t<\/div>\n\t\t\t\t<\/div>\n\t\t\t\t<\/div>\n\t\t<div class=\"elementor-element elementor-element-17dea974 e-flex e-con-boxed wpr-particle-no wpr-jarallax-no wpr-parallax-no wpr-sticky-section-no e-con e-parent\" data-id=\"17dea974\" data-element_type=\"container\" data-settings=\"{&quot;background_background&quot;:&quot;classic&quot;}\">\n\t\t\t\t\t<div class=\"e-con-inner\">\n\t\t<div class=\"elementor-element elementor-element-4009598d e-con-full e-flex wpr-particle-no wpr-jarallax-no wpr-parallax-no wpr-sticky-section-no e-con e-child\" data-id=\"4009598d\" data-element_type=\"container\">\n\t\t<div class=\"elementor-element elementor-element-510343c e-con-full e-flex wpr-particle-no wpr-jarallax-no wpr-parallax-no wpr-sticky-section-no e-con e-child\" data-id=\"510343c\" data-element_type=\"container\">\n\t\t\t\t<div class=\"elementor-element elementor-element-7b83cd4 elementor-widget elementor-widget-text-editor\" data-id=\"7b83cd4\" data-element_type=\"widget\" data-widget_type=\"text-editor.default\">\n\t\t\t\t\t\t\t\t\t<p>T\u00fcrk Amerikan Kolejleri e\u011fitim-\u00f6\u011fretim programlar\u0131nda \u00f6\u011frencilerimize akademik kazan\u0131mlar vermenin yan\u0131 s\u0131ra sosyal, k\u00fclt\u00fcrel, sanatsal ve sportif alanlarda \u00f6\u011frenci kul\u00fcb\u00fc ve toplum hizmeti \u00e7al\u0131\u015fmalar\u0131 ile desteklenen sosyal etkinlikler b\u00fcy\u00fck de\u011fer g\u00f6r\u00fcr. \u00c7\u00fcnk\u00fc, bizler bir \u00e7ocu\u011fun b\u00fct\u00fcnc\u00fcl geli\u015fimini \u00f6nemseriz. Bu t\u00fcr etkinlikler \u00f6\u011frencilerin geli\u015fimlerinin \u00e7ok boyutlu bir \u015fekilde devam etmesini destekler.<\/p><p>T\u00fcm bu sosyal etkinlik \u00e7al\u0131\u015fmalar\u0131; \u00f6\u011frencilerin fiziksel, duygusal, sosyal ve ahlaki geli\u015fimini destekleyen, zaman\u0131 etkin kullanma becerisi kazand\u0131ran, \u00f6z y\u00f6netim becerilerini hayat\u0131n i\u00e7ine entegre ederek kazand\u0131rmaya \u00e7al\u0131\u015fan etkinliklerdir.<\/p><p>Yar\u0131\u015fmalar, proje \u00e7al\u0131\u015fmalar\u0131, tiyatro, m\u00fczik, \u015fiir dinletisi, geziler, sportif faaliyetler, sergiler, konferanslar, t\u00f6renler, kurum ziyaretleri ve kul\u00fcp \u00e7al\u0131\u015fmalar\u0131m\u0131z gibi etkinlikler \u00f6\u011frencilerin hayata bak\u0131\u015f a\u00e7\u0131lar\u0131 geli\u015ftirmek ve meslek se\u00e7imlerini etkileyecek beceriler kazanmalar\u0131n\u0131 da sa\u011flar.<\/p>\t\t\t\t\t\t\t\t<\/div>\n\t\t\t\t<\/div>\n\t\t<div class=\"elementor-element elementor-element-52574c2b e-con-full elementor-hidden-tablet elementor-hidden-mobile e-flex wpr-particle-no wpr-jarallax-no wpr-parallax-no wpr-sticky-section-no e-con e-child\" data-id=\"52574c2b\" data-element_type=\"container\" data-settings=\"{&quot;background_background&quot;:&quot;classic&quot;}\">\n\t\t\t\t<\/div>\n\t\t\t\t<\/div>\n\t\t<div class=\"elementor-element elementor-element-55e4a92 e-con-full e-flex wpr-particle-no wpr-jarallax-no wpr-parallax-no wpr-sticky-section-no e-con e-child\" data-id=\"55e4a92\" data-element_type=\"container\">\n\t\t<div class=\"elementor-element elementor-element-1b56d96e e-con-full e-flex wpr-particle-no wpr-jarallax-no wpr-parallax-no wpr-sticky-section-no e-con e-child\" data-id=\"1b56d96e\" data-element_type=\"container\" data-settings=\"{&quot;background_background&quot;:&quot;classic&quot;}\">\n\t\t\t\t<\/div>\n\t\t<div class=\"elementor-element elementor-element-6221cfd8 e-con-full e-flex wpr-particle-no wpr-jarallax-no wpr-parallax-no wpr-sticky-section-no e-con e-child\" data-id=\"6221cfd8\" data-element_type=\"container\">\n\t\t<div class=\"elementor-element elementor-element-17a56efa e-con-full e-flex wpr-particle-no wpr-jarallax-no wpr-parallax-no wpr-sticky-section-no e-con e-child\" data-id=\"17a56efa\" data-element_type=\"container\">\n\t\t\t\t<div class=\"elementor-element elementor-element-9e9ab3e elementor-widget elementor-widget-heading\" data-id=\"9e9ab3e\" data-element_type=\"widget\" data-widget_type=\"heading.default\">\n\t\t\t\t\t<h2 class=\"elementor-heading-title elementor-size-default\">Kul\u00fcp \u00c7al\u0131\u015fmalar\u0131m\u0131z<\/h2>\t\t\t\t<\/div>\n\t\t\t\t<\/div>\n\t\t\t\t<div class=\"elementor-element elementor-element-a1cecee elementor-widget elementor-widget-text-editor\" data-id=\"a1cecee\" data-element_type=\"widget\" data-widget_type=\"text-editor.default\">\n\t\t\t\t\t\t\t\t\t<p>Kul\u00fcp \u00e7al\u0131\u015fmalar\u0131m\u0131z \u00f6\u011frenci ihtiya\u00e7lar\u0131, motivasyonlar\u0131, ilgi alanlar\u0131 ve ya\u015f d\u00f6nemi g\u00f6zetilerek f\u0131rsat yap\u0131s\u0131 alt\u0131nda \u015fekillendirilir ve okullar\u0131m\u0131z\u0131n \u00f6zel tasarlanm\u0131\u015f etkinlik alanlar\u0131nda uygulan\u0131r.<\/p><ul><li><b>Sanat Kul\u00fcpleri<\/b><\/li><li><b>Spor Kul\u00fcpleri ve Tak\u0131m \u00c7al\u0131\u015fmalar\u0131m\u0131z<\/b><\/li><li><b>K\u00fclt\u00fcr ve Bilim Kul\u00fcpleri<\/b><\/li><li><b>Sahne Performanslar\u0131:<\/b> Y\u0131l sonu g\u00f6sterileri, Tiyatro geceleri, \u015eiir dinletileri, Okuma bayram\u0131, \u0130ngilizce dili portfolyo sunumlar\u0131, T\u00fcrk\u00e7e ve \u0130ngilizce m\u00fcnazaralar.<\/li><li><b>Okul Gezilerimiz: <\/b>Geleneksel \u00e7ad\u0131r ve g\u00f6ky\u00fcz\u00fc g\u00f6zlem kamplar\u0131m\u0131z, \u00dcnite kazan\u0131ml\u0131 m\u00fcze, \u00f6ren yeri ve tarihi alan gezilerimiz.<\/li><li><b>Geleneksel \u015eenliklerimiz:<\/b> 23 Nisan Ulusal Egemenlik ve \u00c7ocuk Bayram\u0131, 19 May\u0131s Atat\u00fcrk\u2019\u00fc Anma Gen\u00e7lik ve Spor Bayram\u0131, Yeni Y\u0131l, Mezuniyet G\u00fcn\u00fc, Bilim ve Teknoloji \u015fenliklerimiz.<\/li><li><b>Proje \u00c7al\u0131\u015fmalar\u0131m\u0131z<\/b><\/li><\/ul>\t\t\t\t\t\t\t\t<\/div>\n\t\t\t\t<\/div>\n\t\t\t\t<\/div>\n\t\t<div class=\"elementor-element elementor-element-bdaded0 e-con-full e-flex wpr-particle-no wpr-jarallax-no wpr-parallax-no wpr-sticky-section-no e-con e-child\" data-id=\"bdaded0\" data-element_type=\"container\">\n\t\t<div class=\"elementor-element elementor-element-5ce1427 e-con-full e-flex wpr-particle-no wpr-jarallax-no wpr-parallax-no wpr-sticky-section-no e-con e-child\" data-id=\"5ce1427\" data-element_type=\"container\">\n\t\t\t\t<div class=\"elementor-element elementor-element-a2de288 elementor-widget elementor-widget-text-editor\" data-id=\"a2de288\" data-element_type=\"widget\" data-widget_type=\"text-editor.default\">\n\t\t\t\t\t\t\t\t\t<p>Sosyal sorumluluk anlay\u0131\u015f\u0131m\u0131z kar\u015f\u0131l\u0131k beklemeden elindekini vermeye ve payla\u015fmaya dayanmaktad\u0131r. Sosyal Sorumluluk yakla\u015f\u0131m\u0131m\u0131zda yer alan dayan\u0131\u015fma ve yard\u0131mla\u015fma kavramlar\u0131 geleneksel olarak ge\u00e7mi\u015ften g\u00fcn\u00fcm\u00fcze i\u00e7inde ya\u015fad\u0131\u011f\u0131m\u0131z toplumun k\u00fclt\u00fcr\u00fcn\u00fcn yap\u0131 ta\u015flar\u0131d\u0131r. Okullar\u0131m\u0131zda \u00e7ocuklar\u0131m\u0131z\u0131n ve gen\u00e7lerimizin g\u00f6n\u00fcll\u00fcl\u00fc\u011f\u00fc \u00f6\u011frenmeleri ve yeni fikirler geli\u015ftirmeleri i\u00e7in zaman ayr\u0131lmas\u0131 vazge\u00e7ilmez \u00f6nceliklerimizdendir. Bu ba\u011flamda, okullar\u0131m\u0131z t\u00fcm payda\u015flar\u0131m\u0131z\u0131n kat\u0131l\u0131mlar\u0131 te\u015fvik edilerek kermes ve \u00f6\u011frenci etkinliklerinden elde edilen gelirlerin ihtiya\u00e7 sahiplerine ba\u011f\u0131\u015flanmas\u0131ndan, \u00f6zel g\u00fcnlerde g\u0131da ve erzak yard\u0131mlar\u0131na kadar \u00e7e\u015fitli ve d\u00fczenli faaliyetler ger\u00e7ekle\u015ftirir.<\/p><p>T\u00fcrk Amerikan Kolejleri \u00e7al\u0131\u015fanlar\u0131, \u00f6\u011frencileri ve di\u011fer t\u00fcm payda\u015flar\u0131 ile , toplumun kar\u015f\u0131la\u015ft\u0131\u011f\u0131 sorunlara ve toplumun ihtiya\u00e7lar\u0131na \u00e7\u00f6z\u00fcm \u00fcretmeyi ise \u201csosyal fayda \u00fcretmek\u201d ba\u015fl\u0131\u011f\u0131 alt\u0131nda de\u011ferlendirmektedir. Sosyal fayda \u00fcretmek ve bu \u00e7al\u0131\u015fmalar\u0131n s\u00fcrd\u00fcr\u00fclebilir olmas\u0131n\u0131 sa\u011flamak ad\u0131na, okullar\u0131m\u0131z\u0131n yakla\u015f\u0131m\u0131, sosyal giri\u015fimcilik ve liderlik becerileri geli\u015ftirecek programlar\u0131 \u00f6nemsemek \u00fczerine \u00f6ne \u00e7\u0131kmaktad\u0131r. Her y\u0131l ger\u00e7ekle\u015ftirilen bilim \u015fenliklerimizde toplumsal fayda odakl\u0131 projelerimize rastlayabilir, sivil toplum kurulu\u015flar\u0131 ile yap\u0131lan i\u015fbirliklerimizi takip edebilirsiniz. Bir e\u011fitim kurumu olarak varolu\u015f nedenimizi asla unutmuyor, gerek i\u00e7inde bulundu\u011fumuz toplum gerekse k\u00fcreselle\u015fen d\u00fcnyam\u0131z i\u00e7in fayda \u00fcretmeye odaklan\u0131yoruz.<\/p>\t\t\t\t\t\t\t\t<\/div>\n\t\t\t\t<\/div>\n\t\t<div class=\"elementor-element elementor-element-40cd76b e-con-full e-flex wpr-particle-no wpr-jarallax-no wpr-parallax-no wpr-sticky-section-no e-con e-child\" data-id=\"40cd76b\" data-element_type=\"container\" data-settings=\"{&quot;background_background&quot;:&quot;classic&quot;}\">\n\t\t\t\t<\/div>\n\t\t\t\t<\/div>\n\t\t\t\t\t<\/div>\n\t\t\t\t<\/div>\n\t\t\t\t<\/div>\n\t\t","protected":false},"excerpt":{"rendered":"<p>T\u00fcrk Amerikan Kolejleri e\u011fitim-\u00f6\u011fretim programlar\u0131nda \u00f6\u011frencilerimize akademik kazan\u0131mlar vermenin yan\u0131 s\u0131ra sosyal, k\u00fclt\u00fcrel, sanatsal ve sportif alanlarda \u00f6\u011frenci kul\u00fcb\u00fc ve toplum hizmeti \u00e7al\u0131\u015fmalar\u0131 ile desteklenen sosyal etkinlikler b\u00fcy\u00fck de\u011fer g\u00f6r\u00fcr. \u00c7\u00fcnk\u00fc, bizler bir \u00e7ocu\u011fun b\u00fct\u00fcnc\u00fcl geli\u015fimini \u00f6nemseriz. Bu t\u00fcr etkinlikler \u00f6\u011frencilerin geli\u015fimlerinin \u00e7ok boyutlu bir \u015fekilde devam etmesini destekler. T\u00fcm bu sosyal etkinlik \u00e7al\u0131\u015fmalar\u0131; \u00f6\u011frencilerin fiziksel, duygusal, sosyal ve ahlaki geli\u015fimini destekleyen, zaman\u0131 etkin kullanma becerisi kazand\u0131ran, \u00f6z y\u00f6netim becerilerini hayat\u0131n i\u00e7ine entegre ederek kazand\u0131rmaya \u00e7al\u0131\u015fan etkinliklerdir. Yar\u0131\u015fmalar, proje \u00e7al\u0131\u015fmalar\u0131, tiyatro, m\u00fczik, \u015fiir dinletisi, geziler, sportif faaliyetler, sergiler, konferanslar, t\u00f6renler, kurum ziyaretleri ve kul\u00fcp \u00e7al\u0131\u015fmalar\u0131m\u0131z gibi etkinlikler \u00f6\u011frencilerin hayata bak\u0131\u015f a\u00e7\u0131lar\u0131 geli\u015ftirmek ve meslek se\u00e7imlerini etkileyecek beceriler kazanmalar\u0131n\u0131 da sa\u011flar. Kul\u00fcp \u00c7al\u0131\u015fmalar\u0131m\u0131z Kul\u00fcp \u00e7al\u0131\u015fmalar\u0131m\u0131z \u00f6\u011frenci ihtiya\u00e7lar\u0131, motivasyonlar\u0131, ilgi alanlar\u0131 ve ya\u015f d\u00f6nemi g\u00f6zetilerek f\u0131rsat yap\u0131s\u0131 alt\u0131nda \u015fekillendirilir ve okullar\u0131m\u0131z\u0131n \u00f6zel tasarlanm\u0131\u015f etkinlik alanlar\u0131nda uygulan\u0131r. Sanat Kul\u00fcpleri Spor Kul\u00fcpleri ve Tak\u0131m \u00c7al\u0131\u015fmalar\u0131m\u0131z K\u00fclt\u00fcr ve Bilim Kul\u00fcpleri Sahne Performanslar\u0131: Y\u0131l sonu g\u00f6sterileri, Tiyatro geceleri, \u015eiir dinletileri, Okuma bayram\u0131, \u0130ngilizce dili portfolyo sunumlar\u0131, T\u00fcrk\u00e7e ve \u0130ngilizce m\u00fcnazaralar. Okul Gezilerimiz: Geleneksel \u00e7ad\u0131r ve g\u00f6ky\u00fcz\u00fc g\u00f6zlem kamplar\u0131m\u0131z, \u00dcnite kazan\u0131ml\u0131 m\u00fcze, \u00f6ren yeri ve tarihi alan gezilerimiz. Geleneksel \u015eenliklerimiz: 23 Nisan Ulusal Egemenlik ve \u00c7ocuk Bayram\u0131, 19 May\u0131s Atat\u00fcrk\u2019\u00fc Anma Gen\u00e7lik ve Spor Bayram\u0131, Yeni Y\u0131l, Mezuniyet G\u00fcn\u00fc, Bilim ve Teknoloji \u015fenliklerimiz. Proje \u00c7al\u0131\u015fmalar\u0131m\u0131z Sosyal sorumluluk anlay\u0131\u015f\u0131m\u0131z kar\u015f\u0131l\u0131k beklemeden elindekini vermeye ve payla\u015fmaya dayanmaktad\u0131r. Sosyal Sorumluluk yakla\u015f\u0131m\u0131m\u0131zda yer alan dayan\u0131\u015fma ve yard\u0131mla\u015fma kavramlar\u0131 geleneksel olarak ge\u00e7mi\u015ften g\u00fcn\u00fcm\u00fcze i\u00e7inde ya\u015fad\u0131\u011f\u0131m\u0131z toplumun k\u00fclt\u00fcr\u00fcn\u00fcn yap\u0131 ta\u015flar\u0131d\u0131r. Okullar\u0131m\u0131zda \u00e7ocuklar\u0131m\u0131z\u0131n ve gen\u00e7lerimizin g\u00f6n\u00fcll\u00fcl\u00fc\u011f\u00fc \u00f6\u011frenmeleri ve yeni fikirler geli\u015ftirmeleri i\u00e7in zaman ayr\u0131lmas\u0131 vazge\u00e7ilmez \u00f6nceliklerimizdendir. Bu ba\u011flamda, okullar\u0131m\u0131z t\u00fcm payda\u015flar\u0131m\u0131z\u0131n kat\u0131l\u0131mlar\u0131 te\u015fvik edilerek kermes ve \u00f6\u011frenci etkinliklerinden elde edilen gelirlerin ihtiya\u00e7 sahiplerine ba\u011f\u0131\u015flanmas\u0131ndan, \u00f6zel g\u00fcnlerde g\u0131da ve erzak yard\u0131mlar\u0131na kadar \u00e7e\u015fitli ve d\u00fczenli faaliyetler ger\u00e7ekle\u015ftirir. T\u00fcrk Amerikan Kolejleri \u00e7al\u0131\u015fanlar\u0131, \u00f6\u011frencileri ve di\u011fer t\u00fcm payda\u015flar\u0131 ile , toplumun kar\u015f\u0131la\u015ft\u0131\u011f\u0131 sorunlara ve toplumun ihtiya\u00e7lar\u0131na \u00e7\u00f6z\u00fcm \u00fcretmeyi ise \u201csosyal fayda \u00fcretmek\u201d ba\u015fl\u0131\u011f\u0131 alt\u0131nda de\u011ferlendirmektedir. Sosyal fayda \u00fcretmek ve bu \u00e7al\u0131\u015fmalar\u0131n s\u00fcrd\u00fcr\u00fclebilir olmas\u0131n\u0131 sa\u011flamak ad\u0131na, okullar\u0131m\u0131z\u0131n yakla\u015f\u0131m\u0131, sosyal giri\u015fimcilik ve liderlik becerileri geli\u015ftirecek programlar\u0131 \u00f6nemsemek \u00fczerine \u00f6ne \u00e7\u0131kmaktad\u0131r. Her y\u0131l ger\u00e7ekle\u015ftirilen bilim \u015fenliklerimizde toplumsal fayda odakl\u0131 projelerimize rastlayabilir, sivil toplum kurulu\u015flar\u0131 ile yap\u0131lan i\u015fbirliklerimizi takip edebilirsiniz. Bir e\u011fitim kurumu olarak varolu\u015f nedenimizi asla unutmuyor, gerek i\u00e7inde bulundu\u011fumuz toplum gerekse k\u00fcreselle\u015fen d\u00fcnyam\u0131z i\u00e7in fayda \u00fcretmeye odaklan\u0131yoruz.<\/p>\n","protected":false},"author":1,"featured_media":0,"parent":0,"menu_order":0,"comment_status":"closed","ping_status":"closed","template":"","meta":{"footnotes":""},"class_list":["post-2658","page","type-page","status-publish","hentry"],"_links":{"self":[{"href":"https:\/\/turkamerikankolejleri.com\/index.php\/wp-json\/wp\/v2\/pages\/2658","targetHints":{"allow":["GET"]}}],"collection":[{"href":"https:\/\/turkamerikankolejleri.com\/index.php\/wp-json\/wp\/v2\/pages"}],"about":[{"href":"https:\/\/turkamerikankolejleri.com\/index.php\/wp-json\/wp\/v2\/types\/page"}],"author":[{"embeddable":true,"href":"https:\/\/turkamerikankolejleri.com\/index.php\/wp-json\/wp\/v2\/users\/1"}],"replies":[{"embeddable":true,"href":"https:\/\/turkamerikankolejleri.com\/index.php\/wp-json\/wp\/v2\/comments?post=2658"}],"version-history":[{"count":25,"href":"https:\/\/turkamerikankolejleri.com\/index.php\/wp-json\/wp\/v2\/pages\/2658\/revisions"}],"predecessor-version":[{"id":3031,"href":"https:\/\/turkamerikankolejleri.com\/index.php\/wp-json\/wp\/v2\/pages\/2658\/revisions\/3031"}],"wp:attachment":[{"href":"https:\/\/turkamerikankolejleri.com\/index.php\/wp-json\/wp\/v2\/media?parent=2658"}],"curies":[{"name":"wp","href":"https:\/\/api.w.org\/{rel}","templated":true}]}}