{"id":2618,"date":"2025-11-19T19:29:39","date_gmt":"2025-11-19T19:29:39","guid":{"rendered":"https:\/\/turkamerikankolejleri.com\/?page_id=2618"},"modified":"2025-12-15T16:07:54","modified_gmt":"2025-12-15T16:07:54","slug":"lise","status":"publish","type":"page","link":"https:\/\/turkamerikankolejleri.com\/index.php\/lise\/","title":{"rendered":"Lise"},"content":{"rendered":"\t\t<div data-elementor-type=\"wp-page\" data-elementor-id=\"2618\" class=\"elementor elementor-2618\" data-elementor-post-type=\"page\">\n\t\t\t\t<div class=\"elementor-element elementor-element-cbd6a5d e-con-full e-flex wpr-particle-no wpr-jarallax-no wpr-parallax-no wpr-sticky-section-no e-con e-parent\" data-id=\"cbd6a5d\" data-element_type=\"container\" data-settings=\"{&quot;background_background&quot;:&quot;classic&quot;}\">\n\t\t<div class=\"elementor-element elementor-element-fa6fa7d e-flex e-con-boxed wpr-particle-no wpr-jarallax-no wpr-parallax-no wpr-sticky-section-no e-con e-child\" data-id=\"fa6fa7d\" data-element_type=\"container\" data-settings=\"{&quot;background_background&quot;:&quot;classic&quot;}\">\n\t\t\t\t\t<div class=\"e-con-inner\">\n\t\t<div class=\"elementor-element elementor-element-44696a6 e-con-full e-flex wpr-particle-no wpr-jarallax-no wpr-parallax-no wpr-sticky-section-no e-con e-child\" data-id=\"44696a6\" data-element_type=\"container\">\n\t\t\t\t<\/div>\n\t\t<div class=\"elementor-element elementor-element-703a2ee e-con-full e-flex wpr-particle-no wpr-jarallax-no wpr-parallax-no wpr-sticky-section-no e-con e-child\" data-id=\"703a2ee\" data-element_type=\"container\">\n\t\t\t\t<div class=\"elementor-element elementor-element-ac2d79d elementor-widget elementor-widget-shortcode\" data-id=\"ac2d79d\" data-element_type=\"widget\" data-widget_type=\"shortcode.default\">\n\t\t\t\t\t\t\t<div class=\"elementor-shortcode\"><nav aria-label=\"breadcrumbs\" class=\"rank-math-breadcrumb\"><p><span class=\"last\">Ana Sayfa<\/span><\/p><\/nav><\/div>\n\t\t\t\t\t\t<\/div>\n\t\t\t\t<\/div>\n\t\t\t\t\t<\/div>\n\t\t\t\t<\/div>\n\t\t\t\t<\/div>\n\t\t\t\t<section class=\"elementor-section elementor-top-section elementor-element elementor-element-15aa0b9 elementor-section-boxed elementor-section-height-default elementor-section-height-default wpr-particle-no wpr-jarallax-no wpr-parallax-no wpr-sticky-section-no\" data-id=\"15aa0b9\" data-element_type=\"section\">\n\t\t\t\t\t\t<div class=\"elementor-container elementor-column-gap-extended\">\n\t\t\t\t\t<div class=\"elementor-column elementor-col-50 elementor-top-column elementor-element elementor-element-32dce70 ot-flex-column-vertical\" data-id=\"32dce70\" data-element_type=\"column\">\n\t\t\t<div class=\"elementor-widget-wrap elementor-element-populated\">\n\t\t\t\t<div class=\"elementor-element elementor-element-b95b69c e-flex e-con-boxed wpr-particle-no wpr-jarallax-no wpr-parallax-no wpr-sticky-section-no e-con e-parent\" data-id=\"b95b69c\" data-element_type=\"container\">\n\t\t\t\t\t<div class=\"e-con-inner\">\n\t\t\t\t<div class=\"elementor-element elementor-element-298271e elementor-hidden-tablet elementor-hidden-mobile elementor-widget elementor-widget-image\" data-id=\"298271e\" data-element_type=\"widget\" data-widget_type=\"image.default\">\n\t\t\t\t\t\t\t\t\t\t\t\t\t\t\t<img fetchpriority=\"high\" decoding=\"async\" width=\"1000\" height=\"1000\" src=\"https:\/\/turkamerikankolejleri.com\/wp-content\/uploads\/2025\/11\/Lise.jpg\" class=\"attachment-large size-large wp-image-2342\" alt=\"\" srcset=\"https:\/\/turkamerikankolejleri.com\/wp-content\/uploads\/2025\/11\/Lise.jpg 1000w, https:\/\/turkamerikankolejleri.com\/wp-content\/uploads\/2025\/11\/Lise-300x300.jpg 300w, https:\/\/turkamerikankolejleri.com\/wp-content\/uploads\/2025\/11\/Lise-150x150.jpg 150w, https:\/\/turkamerikankolejleri.com\/wp-content\/uploads\/2025\/11\/Lise-768x768.jpg 768w, https:\/\/turkamerikankolejleri.com\/wp-content\/uploads\/2025\/11\/Lise-600x600.jpg 600w\" sizes=\"(max-width: 1000px) 100vw, 1000px\" \/>\t\t\t\t\t\t\t\t\t\t\t\t\t\t\t<\/div>\n\t\t\t\t\t<\/div>\n\t\t\t\t<\/div>\n\t\t\t\t\t<\/div>\n\t\t<\/div>\n\t\t\t\t<div class=\"elementor-column elementor-col-50 elementor-top-column elementor-element elementor-element-69d7b07 ot-flex-column-vertical\" data-id=\"69d7b07\" data-element_type=\"column\">\n\t\t\t<div class=\"elementor-widget-wrap elementor-element-populated\">\n\t\t\t\t\t\t<div class=\"elementor-element elementor-element-1252201 elementor-widget elementor-widget-text-editor\" data-id=\"1252201\" data-element_type=\"widget\" data-widget_type=\"text-editor.default\">\n\t\t\t\t\t\t\t\t\t<p>T\u00fcm birimlerimizde oldu\u011fu gibi okullar\u0131m\u0131z\u0131n e\u011fitim \u00f6\u011fretim felsefesi burada da kendine hast\u0131r. Her y\u00f6nden \u0130Y\u0130 \u0130NSAN yeti\u015ftirme \u00e7abam\u0131zla ince, titiz g\u00f6n\u00fcl ve emek i\u015f\u00e7ili\u011fiyle son kademeye gelmenin gururunu ya\u015far\u0131z. \u0130yi bir lise, her \u00f6\u011frencinin ba\u015far\u0131l\u0131 olabilece\u011fine inanmal\u0131d\u0131r. Kurumlar\u0131m\u0131z, lisenin ilk y\u0131llar\u0131ndan itibaren her \u00f6\u011frencinin akademik geli\u015fimini bireysel olarak takip eder, s\u00fcrekli geli\u015fim anlay\u0131\u015f\u0131yla \u00f6\u011frencilere bireysel hedefler verir, \u00f6\u011frencilerin hedeflerine y\u00f6nelik ba\u015far\u0131 grafiklerini takip eder, \u00f6\u011frenci ba\u015far\u0131s\u0131n\u0131n art\u0131r\u0131lmas\u0131 gereken derslerde \u00e7\u00f6z\u00fcmler \u00fcretilir, her \u00f6\u011frenci ba\u015fkas\u0131yla de\u011fil kendisiyle yar\u0131\u015fmaya y\u00f6nlendirilir.<\/p><p>Tam \u00f6\u011frenme i\u00e7in peki\u015ftirme ve tekrar amac\u0131yla ihtiyaca g\u00f6re bireysel veya grup e\u011fitimleri desteklenir. T\u00fcrk Amerikan Kolejlerinde sadece akademik olarak de\u011fil, gencin \u00e7ok y\u00f6nl\u00fc geli\u015fimi i\u00e7in olanaklar sunulur. \u00d6\u011frencilerin; yaparak ya\u015fayarak \u00f6\u011frenmesi sa\u011flan\u0131r, spor, sanat ve sosyal alanlarda yetenekleri geli\u015ftirilir, ulusal ve uluslararas\u0131 proje ve yar\u0131\u015fmalarda kendilerinin y\u00f6nettikleri projeleri sunmalar\u0131 i\u00e7in imkanlar sa\u011flan\u0131r. \u0130yili\u011fin bula\u015f\u0131c\u0131 oldu\u011fu bilinciyle sosyal yard\u0131m projelerine kat\u0131l\u0131mlar\u0131 art\u0131r\u0131l\u0131r, toplum hizmeti \u00e7al\u0131\u015fmalar\u0131na kat\u0131lmalar\u0131 sa\u011flan\u0131r, mant\u0131k ve analitik d\u00fc\u015f\u00fcnme anlay\u0131\u015flar\u0131 geli\u015ftirilmesi i\u00e7in imkanlar verilir. T\u00fcrk Amerikan Kolejleri t\u00fcm bunlar\u0131n yan\u0131nda \u00f6\u011frencinin ald\u0131\u011f\u0131 lise diplomas\u0131na ek hem yurti\u00e7i hem yurtd\u0131\u015f\u0131 \u00fcniversitelerde ge\u00e7erli olan dil yeterlilik belgeleri, \u00e7ift diplomalar yine Avrupa ve Amerikan \u00fcniversitelerine giri\u015flerde kullan\u0131labilecek program belgeleri ile girmeye hak kazand\u0131racak ve kendi milletleri mensubu \u00f6\u011frencileriyle ayn\u0131 kategoride de\u011ferlendirilmesi ayr\u0131cal\u0131\u011f\u0131n\u0131 sunmaktad\u0131r\u2026<\/p>\t\t\t\t\t\t\t\t<\/div>\n\t\t\t\t\t<\/div>\n\t\t<\/div>\n\t\t\t\t\t<\/div>\n\t\t<\/section>\n\t\t<div class=\"elementor-element elementor-element-9ee16ae e-flex e-con-boxed wpr-particle-no wpr-jarallax-no wpr-parallax-no wpr-sticky-section-no e-con e-parent\" data-id=\"9ee16ae\" data-element_type=\"container\">\n\t\t\t\t\t<div class=\"e-con-inner\">\n\t\t<div class=\"elementor-element elementor-element-ae02620 e-con-full e-flex wpr-particle-no wpr-jarallax-no wpr-parallax-no wpr-sticky-section-no e-con e-child\" data-id=\"ae02620\" data-element_type=\"container\" data-settings=\"{&quot;background_background&quot;:&quot;classic&quot;}\">\n\t\t\t\t<div class=\"elementor-element elementor-element-ea9787e elementor-view-default elementor-widget elementor-widget-icon\" data-id=\"ea9787e\" data-element_type=\"widget\" data-widget_type=\"icon.default\">\n\t\t\t\t\t\t\t<div class=\"elementor-icon-wrapper\">\n\t\t\t<div class=\"elementor-icon\">\n\t\t\t<svg aria-hidden=\"true\" class=\"e-font-icon-svg e-fas-sun\" viewBox=\"0 0 512 512\" xmlns=\"http:\/\/www.w3.org\/2000\/svg\"><path d=\"M256 160c-52.9 0-96 43.1-96 96s43.1 96 96 96 96-43.1 96-96-43.1-96-96-96zm246.4 80.5l-94.7-47.3 33.5-100.4c4.5-13.6-8.4-26.5-21.9-21.9l-100.4 33.5-47.4-94.8c-6.4-12.8-24.6-12.8-31 0l-47.3 94.7L92.7 70.8c-13.6-4.5-26.5 8.4-21.9 21.9l33.5 100.4-94.7 47.4c-12.8 6.4-12.8 24.6 0 31l94.7 47.3-33.5 100.5c-4.5 13.6 8.4 26.5 21.9 21.9l100.4-33.5 47.3 94.7c6.4 12.8 24.6 12.8 31 0l47.3-94.7 100.4 33.5c13.6 4.5 26.5-8.4 21.9-21.9l-33.5-100.4 94.7-47.3c13-6.5 13-24.7.2-31.1zm-155.9 106c-49.9 49.9-131.1 49.9-181 0-49.9-49.9-49.9-131.1 0-181 49.9-49.9 131.1-49.9 181 0 49.9 49.9 49.9 131.1 0 181z\"><\/path><\/svg>\t\t\t<\/div>\n\t\t<\/div>\n\t\t\t\t\t\t<\/div>\n\t\t\t\t<div class=\"elementor-element elementor-element-e7bcd3c elementor-widget elementor-widget-heading\" data-id=\"e7bcd3c\" data-element_type=\"widget\" data-widget_type=\"heading.default\">\n\t\t\t\t\t<h2 class=\"elementor-heading-title elementor-size-default\">Gelece\u011fi Ke\u015ffet!<\/h2>\t\t\t\t<\/div>\n\t\t\t\t<div class=\"elementor-element elementor-element-d777df2 elementor-widget elementor-widget-text-editor\" data-id=\"d777df2\" data-element_type=\"widget\" data-widget_type=\"text-editor.default\">\n\t\t\t\t\t\t\t\t\t<p>T\u00fcrk Amerikan Kolejleri olarak, \u00e7ocuklar\u0131n\u0131z\u0131n gelece\u011fi ke\u015ffetmelerine yard\u0131mc\u0131 oluyoruz. \u0130\u00e7lerindeki merak\u0131 ve \u00f6\u011frenme iste\u011fini destekleyerek, onlar\u0131 yar\u0131n\u0131n liderleri olarak yeti\u015ftiriyoruz. Gelece\u011fi ke\u015ffetmek i\u00e7in yanlar\u0131nday\u0131z!<\/p>\t\t\t\t\t\t\t\t<\/div>\n\t\t\t\t<\/div>\n\t\t<div class=\"elementor-element elementor-element-125a9d8 e-con-full e-flex wpr-particle-no wpr-jarallax-no wpr-parallax-no wpr-sticky-section-no e-con e-child\" data-id=\"125a9d8\" data-element_type=\"container\" data-settings=\"{&quot;background_background&quot;:&quot;classic&quot;}\">\n\t\t\t\t<div class=\"elementor-element elementor-element-04ece56 elementor-view-default elementor-widget elementor-widget-icon\" data-id=\"04ece56\" data-element_type=\"widget\" data-widget_type=\"icon.default\">\n\t\t\t\t\t\t\t<div class=\"elementor-icon-wrapper\">\n\t\t\t<div class=\"elementor-icon\">\n\t\t\t<svg aria-hidden=\"true\" class=\"e-font-icon-svg e-fas-book\" viewBox=\"0 0 448 512\" xmlns=\"http:\/\/www.w3.org\/2000\/svg\"><path d=\"M448 360V24c0-13.3-10.7-24-24-24H96C43 0 0 43 0 96v320c0 53 43 96 96 96h328c13.3 0 24-10.7 24-24v-16c0-7.5-3.5-14.3-8.9-18.7-4.2-15.4-4.2-59.3 0-74.7 5.4-4.3 8.9-11.1 8.9-18.6zM128 134c0-3.3 2.7-6 6-6h212c3.3 0 6 2.7 6 6v20c0 3.3-2.7 6-6 6H134c-3.3 0-6-2.7-6-6v-20zm0 64c0-3.3 2.7-6 6-6h212c3.3 0 6 2.7 6 6v20c0 3.3-2.7 6-6 6H134c-3.3 0-6-2.7-6-6v-20zm253.4 250H96c-17.7 0-32-14.3-32-32 0-17.6 14.4-32 32-32h285.4c-1.9 17.1-1.9 46.9 0 64z\"><\/path><\/svg>\t\t\t<\/div>\n\t\t<\/div>\n\t\t\t\t\t\t<\/div>\n\t\t\t\t<div class=\"elementor-element elementor-element-b740c31 elementor-widget elementor-widget-heading\" data-id=\"b740c31\" data-element_type=\"widget\" data-widget_type=\"heading.default\">\n\t\t\t\t\t<h2 class=\"elementor-heading-title elementor-size-default\">\u00d6\u011frenmek E\u011flenceli Olabilir!<\/h2>\t\t\t\t<\/div>\n\t\t\t\t<div class=\"elementor-element elementor-element-ea6bbae elementor-widget elementor-widget-text-editor\" data-id=\"ea6bbae\" data-element_type=\"widget\" data-widget_type=\"text-editor.default\">\n\t\t\t\t\t\t\t\t\t<p>Biz, \u00f6\u011frenmeyi s\u0131k\u0131c\u0131 bir g\u00f6rev de\u011fil, e\u011flenceli bir macera olarak g\u00f6r\u00fcyoruz. T\u00fcrk Amerikan Kolejleri&#8217;nde \u00e7ocuklar\u0131n\u0131z, renkli s\u0131n\u0131flarda, yarat\u0131c\u0131 projelerde ve arkada\u015flar\u0131yla birlikte \u00f6\u011frenme deneyimini ke\u015ffederek b\u00fcy\u00fcyecekler.<\/p>\t\t\t\t\t\t\t\t<\/div>\n\t\t\t\t<\/div>\n\t\t<div class=\"elementor-element elementor-element-d616df8 e-con-full e-flex wpr-particle-no wpr-jarallax-no wpr-parallax-no wpr-sticky-section-no e-con e-child\" data-id=\"d616df8\" data-element_type=\"container\" data-settings=\"{&quot;background_background&quot;:&quot;classic&quot;}\">\n\t\t\t\t<div class=\"elementor-element elementor-element-1493c3d elementor-view-default elementor-widget elementor-widget-icon\" data-id=\"1493c3d\" data-element_type=\"widget\" data-widget_type=\"icon.default\">\n\t\t\t\t\t\t\t<div class=\"elementor-icon-wrapper\">\n\t\t\t<div class=\"elementor-icon\">\n\t\t\t<svg aria-hidden=\"true\" class=\"e-font-icon-svg e-fas-child\" viewBox=\"0 0 384 512\" xmlns=\"http:\/\/www.w3.org\/2000\/svg\"><path d=\"M120 72c0-39.765 32.235-72 72-72s72 32.235 72 72c0 39.764-32.235 72-72 72s-72-32.236-72-72zm254.627 1.373c-12.496-12.497-32.758-12.497-45.254 0L242.745 160H141.254L54.627 73.373c-12.496-12.497-32.758-12.497-45.254 0-12.497 12.497-12.497 32.758 0 45.255L104 213.254V480c0 17.673 14.327 32 32 32h16c17.673 0 32-14.327 32-32V368h16v112c0 17.673 14.327 32 32 32h16c17.673 0 32-14.327 32-32V213.254l94.627-94.627c12.497-12.497 12.497-32.757 0-45.254z\"><\/path><\/svg>\t\t\t<\/div>\n\t\t<\/div>\n\t\t\t\t\t\t<\/div>\n\t\t\t\t<div class=\"elementor-element elementor-element-357e3a8 elementor-widget elementor-widget-heading\" data-id=\"357e3a8\" data-element_type=\"widget\" data-widget_type=\"heading.default\">\n\t\t\t\t\t<h2 class=\"elementor-heading-title elementor-size-default\">Her \u00c7ocuk \u00d6zeldir!<\/h2>\t\t\t\t<\/div>\n\t\t\t\t<div class=\"elementor-element elementor-element-e6eb7c1 elementor-widget elementor-widget-text-editor\" data-id=\"e6eb7c1\" data-element_type=\"widget\" data-widget_type=\"text-editor.default\">\n\t\t\t\t\t\t\t\t\t<p>Her \u00e7ocuk benzersizdir ve potansiyeli s\u0131n\u0131rs\u0131zd\u0131r. T\u00fcrk Amerikan Kolejleri olarak, her \u00e7ocu\u011fun kendine \u00f6zg\u00fc yeteneklerini ve ilgi alanlar\u0131n\u0131 destekliyoruz. Onlar\u0131n en iyi s\u00fcr\u00fcmlerini bulmalar\u0131na yard\u0131mc\u0131<br \/>oluyoruz.<\/p>\t\t\t\t\t\t\t\t<\/div>\n\t\t\t\t<\/div>\n\t\t\t\t\t<\/div>\n\t\t\t\t<\/div>\n\t\t\t\t<\/div>\n\t\t","protected":false},"excerpt":{"rendered":"<p>T\u00fcm birimlerimizde oldu\u011fu gibi okullar\u0131m\u0131z\u0131n e\u011fitim \u00f6\u011fretim felsefesi burada da kendine hast\u0131r. Her y\u00f6nden \u0130Y\u0130 \u0130NSAN yeti\u015ftirme \u00e7abam\u0131zla ince, titiz g\u00f6n\u00fcl ve emek i\u015f\u00e7ili\u011fiyle son kademeye gelmenin gururunu ya\u015far\u0131z. \u0130yi bir lise, her \u00f6\u011frencinin ba\u015far\u0131l\u0131 olabilece\u011fine inanmal\u0131d\u0131r. Kurumlar\u0131m\u0131z, lisenin ilk y\u0131llar\u0131ndan itibaren her \u00f6\u011frencinin akademik geli\u015fimini bireysel olarak takip eder, s\u00fcrekli geli\u015fim anlay\u0131\u015f\u0131yla \u00f6\u011frencilere bireysel hedefler verir, \u00f6\u011frencilerin hedeflerine y\u00f6nelik ba\u015far\u0131 grafiklerini takip eder, \u00f6\u011frenci ba\u015far\u0131s\u0131n\u0131n art\u0131r\u0131lmas\u0131 gereken derslerde \u00e7\u00f6z\u00fcmler \u00fcretilir, her \u00f6\u011frenci ba\u015fkas\u0131yla de\u011fil kendisiyle yar\u0131\u015fmaya y\u00f6nlendirilir. Tam \u00f6\u011frenme i\u00e7in peki\u015ftirme ve tekrar amac\u0131yla ihtiyaca g\u00f6re bireysel veya grup e\u011fitimleri desteklenir. T\u00fcrk Amerikan Kolejlerinde sadece akademik olarak de\u011fil, gencin \u00e7ok y\u00f6nl\u00fc geli\u015fimi i\u00e7in olanaklar sunulur. \u00d6\u011frencilerin; yaparak ya\u015fayarak \u00f6\u011frenmesi sa\u011flan\u0131r, spor, sanat ve sosyal alanlarda yetenekleri geli\u015ftirilir, ulusal ve uluslararas\u0131 proje ve yar\u0131\u015fmalarda kendilerinin y\u00f6nettikleri projeleri sunmalar\u0131 i\u00e7in imkanlar sa\u011flan\u0131r. \u0130yili\u011fin bula\u015f\u0131c\u0131 oldu\u011fu bilinciyle sosyal yard\u0131m projelerine kat\u0131l\u0131mlar\u0131 art\u0131r\u0131l\u0131r, toplum hizmeti \u00e7al\u0131\u015fmalar\u0131na kat\u0131lmalar\u0131 sa\u011flan\u0131r, mant\u0131k ve analitik d\u00fc\u015f\u00fcnme anlay\u0131\u015flar\u0131 geli\u015ftirilmesi i\u00e7in imkanlar verilir. T\u00fcrk Amerikan Kolejleri t\u00fcm bunlar\u0131n yan\u0131nda \u00f6\u011frencinin ald\u0131\u011f\u0131 lise diplomas\u0131na ek hem yurti\u00e7i hem yurtd\u0131\u015f\u0131 \u00fcniversitelerde ge\u00e7erli olan dil yeterlilik belgeleri, \u00e7ift diplomalar yine Avrupa ve Amerikan \u00fcniversitelerine giri\u015flerde kullan\u0131labilecek program belgeleri ile girmeye hak kazand\u0131racak ve kendi milletleri mensubu \u00f6\u011frencileriyle ayn\u0131 kategoride de\u011ferlendirilmesi ayr\u0131cal\u0131\u011f\u0131n\u0131 sunmaktad\u0131r\u2026 Gelece\u011fi Ke\u015ffet! T\u00fcrk Amerikan Kolejleri olarak, \u00e7ocuklar\u0131n\u0131z\u0131n gelece\u011fi ke\u015ffetmelerine yard\u0131mc\u0131 oluyoruz. \u0130\u00e7lerindeki merak\u0131 ve \u00f6\u011frenme iste\u011fini destekleyerek, onlar\u0131 yar\u0131n\u0131n liderleri olarak yeti\u015ftiriyoruz. Gelece\u011fi ke\u015ffetmek i\u00e7in yanlar\u0131nday\u0131z! \u00d6\u011frenmek E\u011flenceli Olabilir! Biz, \u00f6\u011frenmeyi s\u0131k\u0131c\u0131 bir g\u00f6rev de\u011fil, e\u011flenceli bir macera olarak g\u00f6r\u00fcyoruz. T\u00fcrk Amerikan Kolejleri&#8217;nde \u00e7ocuklar\u0131n\u0131z, renkli s\u0131n\u0131flarda, yarat\u0131c\u0131 projelerde ve arkada\u015flar\u0131yla birlikte \u00f6\u011frenme deneyimini ke\u015ffederek b\u00fcy\u00fcyecekler. Her \u00c7ocuk \u00d6zeldir! Her \u00e7ocuk benzersizdir ve potansiyeli s\u0131n\u0131rs\u0131zd\u0131r. T\u00fcrk Amerikan Kolejleri olarak, her \u00e7ocu\u011fun kendine \u00f6zg\u00fc yeteneklerini ve ilgi alanlar\u0131n\u0131 destekliyoruz. Onlar\u0131n en iyi s\u00fcr\u00fcmlerini bulmalar\u0131na yard\u0131mc\u0131oluyoruz.<\/p>\n","protected":false},"author":1,"featured_media":0,"parent":0,"menu_order":0,"comment_status":"closed","ping_status":"closed","template":"","meta":{"footnotes":""},"class_list":["post-2618","page","type-page","status-publish","hentry"],"_links":{"self":[{"href":"https:\/\/turkamerikankolejleri.com\/index.php\/wp-json\/wp\/v2\/pages\/2618","targetHints":{"allow":["GET"]}}],"collection":[{"href":"https:\/\/turkamerikankolejleri.com\/index.php\/wp-json\/wp\/v2\/pages"}],"about":[{"href":"https:\/\/turkamerikankolejleri.com\/index.php\/wp-json\/wp\/v2\/types\/page"}],"author":[{"embeddable":true,"href":"https:\/\/turkamerikankolejleri.com\/index.php\/wp-json\/wp\/v2\/users\/1"}],"replies":[{"embeddable":true,"href":"https:\/\/turkamerikankolejleri.com\/index.php\/wp-json\/wp\/v2\/comments?post=2618"}],"version-history":[{"count":22,"href":"https:\/\/turkamerikankolejleri.com\/index.php\/wp-json\/wp\/v2\/pages\/2618\/revisions"}],"predecessor-version":[{"id":3117,"href":"https:\/\/turkamerikankolejleri.com\/index.php\/wp-json\/wp\/v2\/pages\/2618\/revisions\/3117"}],"wp:attachment":[{"href":"https:\/\/turkamerikankolejleri.com\/index.php\/wp-json\/wp\/v2\/media?parent=2618"}],"curies":[{"name":"wp","href":"https:\/\/api.w.org\/{rel}","templated":true}]}}