{"id":2613,"date":"2025-11-19T19:27:45","date_gmt":"2025-11-19T19:27:45","guid":{"rendered":"https:\/\/turkamerikankolejleri.com\/?page_id=2613"},"modified":"2025-12-15T16:12:15","modified_gmt":"2025-12-15T16:12:15","slug":"ortaokul","status":"publish","type":"page","link":"https:\/\/turkamerikankolejleri.com\/index.php\/ortaokul\/","title":{"rendered":"Ortaokul"},"content":{"rendered":"\t\t<div data-elementor-type=\"wp-page\" data-elementor-id=\"2613\" class=\"elementor elementor-2613\" data-elementor-post-type=\"page\">\n\t\t\t\t<div class=\"elementor-element elementor-element-cbd6a5d e-con-full e-flex wpr-particle-no wpr-jarallax-no wpr-parallax-no wpr-sticky-section-no e-con e-parent\" data-id=\"cbd6a5d\" data-element_type=\"container\" data-settings=\"{&quot;background_background&quot;:&quot;classic&quot;}\">\n\t\t<div class=\"elementor-element elementor-element-fa6fa7d e-flex e-con-boxed wpr-particle-no wpr-jarallax-no wpr-parallax-no wpr-sticky-section-no e-con e-child\" data-id=\"fa6fa7d\" data-element_type=\"container\" data-settings=\"{&quot;background_background&quot;:&quot;classic&quot;}\">\n\t\t\t\t\t<div class=\"e-con-inner\">\n\t\t<div class=\"elementor-element elementor-element-44696a6 e-con-full e-flex wpr-particle-no wpr-jarallax-no wpr-parallax-no wpr-sticky-section-no e-con e-child\" data-id=\"44696a6\" data-element_type=\"container\">\n\t\t\t\t<\/div>\n\t\t<div class=\"elementor-element elementor-element-703a2ee e-con-full e-flex wpr-particle-no wpr-jarallax-no wpr-parallax-no wpr-sticky-section-no e-con e-child\" data-id=\"703a2ee\" data-element_type=\"container\">\n\t\t\t\t<div class=\"elementor-element elementor-element-ac2d79d elementor-widget elementor-widget-shortcode\" data-id=\"ac2d79d\" data-element_type=\"widget\" data-widget_type=\"shortcode.default\">\n\t\t\t\t\t\t\t<div class=\"elementor-shortcode\"><nav aria-label=\"breadcrumbs\" class=\"rank-math-breadcrumb\"><p><span class=\"last\">Ana Sayfa<\/span><\/p><\/nav><\/div>\n\t\t\t\t\t\t<\/div>\n\t\t\t\t<\/div>\n\t\t\t\t\t<\/div>\n\t\t\t\t<\/div>\n\t\t\t\t<\/div>\n\t\t\t\t<section class=\"elementor-section elementor-top-section elementor-element elementor-element-15aa0b9 elementor-section-boxed elementor-section-height-default elementor-section-height-default wpr-particle-no wpr-jarallax-no wpr-parallax-no wpr-sticky-section-no\" data-id=\"15aa0b9\" data-element_type=\"section\">\n\t\t\t\t\t\t<div class=\"elementor-container elementor-column-gap-extended\">\n\t\t\t\t\t<div class=\"elementor-column elementor-col-50 elementor-top-column elementor-element elementor-element-32dce70 ot-flex-column-vertical\" data-id=\"32dce70\" data-element_type=\"column\">\n\t\t\t<div class=\"elementor-widget-wrap elementor-element-populated\">\n\t\t\t\t<div class=\"elementor-element elementor-element-b95b69c e-flex e-con-boxed wpr-particle-no wpr-jarallax-no wpr-parallax-no wpr-sticky-section-no e-con e-parent\" data-id=\"b95b69c\" data-element_type=\"container\">\n\t\t\t\t\t<div class=\"e-con-inner\">\n\t\t\t\t<div class=\"elementor-element elementor-element-298271e elementor-hidden-tablet elementor-hidden-mobile elementor-widget elementor-widget-image\" data-id=\"298271e\" data-element_type=\"widget\" data-widget_type=\"image.default\">\n\t\t\t\t\t\t\t\t\t\t\t\t\t\t\t<img fetchpriority=\"high\" decoding=\"async\" width=\"794\" height=\"530\" src=\"https:\/\/turkamerikankolejleri.com\/wp-content\/uploads\/2025\/11\/Ortaokul.jpg\" class=\"attachment-large size-large wp-image-2343\" alt=\"\" srcset=\"https:\/\/turkamerikankolejleri.com\/wp-content\/uploads\/2025\/11\/Ortaokul.jpg 794w, https:\/\/turkamerikankolejleri.com\/wp-content\/uploads\/2025\/11\/Ortaokul-300x200.jpg 300w, https:\/\/turkamerikankolejleri.com\/wp-content\/uploads\/2025\/11\/Ortaokul-768x513.jpg 768w, https:\/\/turkamerikankolejleri.com\/wp-content\/uploads\/2025\/11\/Ortaokul-600x400.jpg 600w\" sizes=\"(max-width: 794px) 100vw, 794px\" \/>\t\t\t\t\t\t\t\t\t\t\t\t\t\t\t<\/div>\n\t\t\t\t\t<\/div>\n\t\t\t\t<\/div>\n\t\t\t\t\t<\/div>\n\t\t<\/div>\n\t\t\t\t<div class=\"elementor-column elementor-col-50 elementor-top-column elementor-element elementor-element-69d7b07 ot-flex-column-vertical\" data-id=\"69d7b07\" data-element_type=\"column\">\n\t\t\t<div class=\"elementor-widget-wrap elementor-element-populated\">\n\t\t\t\t\t\t<div class=\"elementor-element elementor-element-1252201 elementor-widget elementor-widget-text-editor\" data-id=\"1252201\" data-element_type=\"widget\" data-widget_type=\"text-editor.default\">\n\t\t\t\t\t\t\t\t\tOrtaokul, ilk\u00f6\u011fretimin ikinci kademesi olmas\u0131 sebebiyle; okullar\u0131m\u0131z anas\u0131n\u0131f\u0131 ve temel e\u011fitimde baz ald\u0131\u011f\u0131 kriterlerin t\u00fcm\u00fcn\u00fc burada devam ettirir. \u00c7ocu\u011fun fiziksel-bedensel geli\u015fmesine paralel ve ba\u011fl\u0131 olarak ruhsal, zihinsel geli\u015fimi de g\u00f6z \u00f6n\u00fcnde bulundurularak t\u00fcm bu de\u011fi\u015fimlere ayak uydurulur, y\u00f6n g\u00f6sterilir ve kap\u0131 aralan\u0131r. De\u011fi\u015fimin ka\u00e7\u0131n\u0131lmaz oldu\u011funu kabul ederiz ancak k\u00f6klerden de \u00f6d\u00fcn vermeyiz. Akademik olarak \u00e7ocuklar\u0131m\u0131z bir ileri kademe i\u00e7in bulundu\u011fu b\u00f6lgenin s\u0131navla belirlenen  se\u00e7kin okullar\u0131nda yer almak i\u00e7in gerekli becerilerle donat\u0131l\u0131rlar. Bakanl\u0131\u011f\u0131n belirledi\u011fi t\u00fcm s\u0131navlarda derece sa\u011flamak yine ama\u00e7lar\u0131m\u0131zdan birisidir. E\u011fitim-\u00f6\u011fretim m\u00fcfredat temelinde ayn\u0131 olsa da e\u011fitim ve \u00f6\u011fretim teknikleri noktas\u0131nda kurumlar\u0131m\u0131z kendine \u00f6zel yollar\u0131 se\u00e7mekte ve farkl\u0131l\u0131k g\u00f6stermektedir\u2026\t\t\t\t\t\t\t\t<\/div>\n\t\t\t\t\t<\/div>\n\t\t<\/div>\n\t\t\t\t\t<\/div>\n\t\t<\/section>\n\t\t<div class=\"elementor-element elementor-element-f281753 e-flex e-con-boxed wpr-particle-no wpr-jarallax-no wpr-parallax-no wpr-sticky-section-no e-con e-parent\" data-id=\"f281753\" data-element_type=\"container\">\n\t\t\t\t\t<div class=\"e-con-inner\">\n\t\t<div class=\"elementor-element elementor-element-906938d e-con-full e-flex wpr-particle-no wpr-jarallax-no wpr-parallax-no wpr-sticky-section-no e-con e-child\" data-id=\"906938d\" data-element_type=\"container\" data-settings=\"{&quot;background_background&quot;:&quot;classic&quot;}\">\n\t\t\t\t<div class=\"elementor-element elementor-element-f115f72 elementor-view-default elementor-widget elementor-widget-icon\" data-id=\"f115f72\" data-element_type=\"widget\" data-widget_type=\"icon.default\">\n\t\t\t\t\t\t\t<div class=\"elementor-icon-wrapper\">\n\t\t\t<div class=\"elementor-icon\">\n\t\t\t<svg aria-hidden=\"true\" class=\"e-font-icon-svg e-fas-sun\" viewBox=\"0 0 512 512\" xmlns=\"http:\/\/www.w3.org\/2000\/svg\"><path d=\"M256 160c-52.9 0-96 43.1-96 96s43.1 96 96 96 96-43.1 96-96-43.1-96-96-96zm246.4 80.5l-94.7-47.3 33.5-100.4c4.5-13.6-8.4-26.5-21.9-21.9l-100.4 33.5-47.4-94.8c-6.4-12.8-24.6-12.8-31 0l-47.3 94.7L92.7 70.8c-13.6-4.5-26.5 8.4-21.9 21.9l33.5 100.4-94.7 47.4c-12.8 6.4-12.8 24.6 0 31l94.7 47.3-33.5 100.5c-4.5 13.6 8.4 26.5 21.9 21.9l100.4-33.5 47.3 94.7c6.4 12.8 24.6 12.8 31 0l47.3-94.7 100.4 33.5c13.6 4.5 26.5-8.4 21.9-21.9l-33.5-100.4 94.7-47.3c13-6.5 13-24.7.2-31.1zm-155.9 106c-49.9 49.9-131.1 49.9-181 0-49.9-49.9-49.9-131.1 0-181 49.9-49.9 131.1-49.9 181 0 49.9 49.9 49.9 131.1 0 181z\"><\/path><\/svg>\t\t\t<\/div>\n\t\t<\/div>\n\t\t\t\t\t\t<\/div>\n\t\t\t\t<div class=\"elementor-element elementor-element-00dde6c elementor-widget elementor-widget-heading\" data-id=\"00dde6c\" data-element_type=\"widget\" data-widget_type=\"heading.default\">\n\t\t\t\t\t<h2 class=\"elementor-heading-title elementor-size-default\">Gelece\u011fi Ke\u015ffet!<\/h2>\t\t\t\t<\/div>\n\t\t\t\t<div class=\"elementor-element elementor-element-18f847d elementor-widget elementor-widget-text-editor\" data-id=\"18f847d\" data-element_type=\"widget\" data-widget_type=\"text-editor.default\">\n\t\t\t\t\t\t\t\t\t<p>T\u00fcrk Amerikan Kolejleri olarak, \u00e7ocuklar\u0131n\u0131z\u0131n gelece\u011fi ke\u015ffetmelerine yard\u0131mc\u0131 oluyoruz. \u0130\u00e7lerindeki merak\u0131 ve \u00f6\u011frenme iste\u011fini destekleyerek, onlar\u0131 yar\u0131n\u0131n liderleri olarak yeti\u015ftiriyoruz. Gelece\u011fi ke\u015ffetmek i\u00e7in yanlar\u0131nday\u0131z!<\/p>\t\t\t\t\t\t\t\t<\/div>\n\t\t\t\t<\/div>\n\t\t<div class=\"elementor-element elementor-element-ede0d3e e-con-full e-flex wpr-particle-no wpr-jarallax-no wpr-parallax-no wpr-sticky-section-no e-con e-child\" data-id=\"ede0d3e\" data-element_type=\"container\" data-settings=\"{&quot;background_background&quot;:&quot;classic&quot;}\">\n\t\t\t\t<div class=\"elementor-element elementor-element-4e25877 elementor-view-default elementor-widget elementor-widget-icon\" data-id=\"4e25877\" data-element_type=\"widget\" data-widget_type=\"icon.default\">\n\t\t\t\t\t\t\t<div class=\"elementor-icon-wrapper\">\n\t\t\t<div class=\"elementor-icon\">\n\t\t\t<svg aria-hidden=\"true\" class=\"e-font-icon-svg e-fas-book\" viewBox=\"0 0 448 512\" xmlns=\"http:\/\/www.w3.org\/2000\/svg\"><path d=\"M448 360V24c0-13.3-10.7-24-24-24H96C43 0 0 43 0 96v320c0 53 43 96 96 96h328c13.3 0 24-10.7 24-24v-16c0-7.5-3.5-14.3-8.9-18.7-4.2-15.4-4.2-59.3 0-74.7 5.4-4.3 8.9-11.1 8.9-18.6zM128 134c0-3.3 2.7-6 6-6h212c3.3 0 6 2.7 6 6v20c0 3.3-2.7 6-6 6H134c-3.3 0-6-2.7-6-6v-20zm0 64c0-3.3 2.7-6 6-6h212c3.3 0 6 2.7 6 6v20c0 3.3-2.7 6-6 6H134c-3.3 0-6-2.7-6-6v-20zm253.4 250H96c-17.7 0-32-14.3-32-32 0-17.6 14.4-32 32-32h285.4c-1.9 17.1-1.9 46.9 0 64z\"><\/path><\/svg>\t\t\t<\/div>\n\t\t<\/div>\n\t\t\t\t\t\t<\/div>\n\t\t\t\t<div class=\"elementor-element elementor-element-76cff9a elementor-widget elementor-widget-heading\" data-id=\"76cff9a\" data-element_type=\"widget\" data-widget_type=\"heading.default\">\n\t\t\t\t\t<h2 class=\"elementor-heading-title elementor-size-default\">\u00d6\u011frenmek E\u011flenceli Olabilir!<\/h2>\t\t\t\t<\/div>\n\t\t\t\t<div class=\"elementor-element elementor-element-fab4a58 elementor-widget elementor-widget-text-editor\" data-id=\"fab4a58\" data-element_type=\"widget\" data-widget_type=\"text-editor.default\">\n\t\t\t\t\t\t\t\t\t<p>Biz, \u00f6\u011frenmeyi s\u0131k\u0131c\u0131 bir g\u00f6rev de\u011fil, e\u011flenceli bir macera olarak g\u00f6r\u00fcyoruz. T\u00fcrk Amerikan Kolejleri&#8217;nde \u00e7ocuklar\u0131n\u0131z, renkli s\u0131n\u0131flarda, yarat\u0131c\u0131 projelerde ve arkada\u015flar\u0131yla birlikte \u00f6\u011frenme deneyimini ke\u015ffederek b\u00fcy\u00fcyecekler.<\/p>\t\t\t\t\t\t\t\t<\/div>\n\t\t\t\t<\/div>\n\t\t<div class=\"elementor-element elementor-element-88a2fe0 e-con-full e-flex wpr-particle-no wpr-jarallax-no wpr-parallax-no wpr-sticky-section-no e-con e-child\" data-id=\"88a2fe0\" data-element_type=\"container\" data-settings=\"{&quot;background_background&quot;:&quot;classic&quot;}\">\n\t\t\t\t<div class=\"elementor-element elementor-element-c846377 elementor-view-default elementor-widget elementor-widget-icon\" data-id=\"c846377\" data-element_type=\"widget\" data-widget_type=\"icon.default\">\n\t\t\t\t\t\t\t<div class=\"elementor-icon-wrapper\">\n\t\t\t<div class=\"elementor-icon\">\n\t\t\t<svg aria-hidden=\"true\" class=\"e-font-icon-svg e-fas-child\" viewBox=\"0 0 384 512\" xmlns=\"http:\/\/www.w3.org\/2000\/svg\"><path d=\"M120 72c0-39.765 32.235-72 72-72s72 32.235 72 72c0 39.764-32.235 72-72 72s-72-32.236-72-72zm254.627 1.373c-12.496-12.497-32.758-12.497-45.254 0L242.745 160H141.254L54.627 73.373c-12.496-12.497-32.758-12.497-45.254 0-12.497 12.497-12.497 32.758 0 45.255L104 213.254V480c0 17.673 14.327 32 32 32h16c17.673 0 32-14.327 32-32V368h16v112c0 17.673 14.327 32 32 32h16c17.673 0 32-14.327 32-32V213.254l94.627-94.627c12.497-12.497 12.497-32.757 0-45.254z\"><\/path><\/svg>\t\t\t<\/div>\n\t\t<\/div>\n\t\t\t\t\t\t<\/div>\n\t\t\t\t<div class=\"elementor-element elementor-element-fd9d917 elementor-widget elementor-widget-heading\" data-id=\"fd9d917\" data-element_type=\"widget\" data-widget_type=\"heading.default\">\n\t\t\t\t\t<h2 class=\"elementor-heading-title elementor-size-default\">Her \u00c7ocuk \u00d6zeldir!<\/h2>\t\t\t\t<\/div>\n\t\t\t\t<div class=\"elementor-element elementor-element-1af2d45 elementor-widget elementor-widget-text-editor\" data-id=\"1af2d45\" data-element_type=\"widget\" data-widget_type=\"text-editor.default\">\n\t\t\t\t\t\t\t\t\t<p>Her \u00e7ocuk benzersizdir ve potansiyeli s\u0131n\u0131rs\u0131zd\u0131r. T\u00fcrk Amerikan Kolejleri olarak, her \u00e7ocu\u011fun kendine \u00f6zg\u00fc yeteneklerini ve ilgi alanlar\u0131n\u0131 destekliyoruz. Onlar\u0131n en iyi s\u00fcr\u00fcmlerini bulmalar\u0131na yard\u0131mc\u0131<br \/>oluyoruz.<\/p>\t\t\t\t\t\t\t\t<\/div>\n\t\t\t\t<\/div>\n\t\t\t\t\t<\/div>\n\t\t\t\t<\/div>\n\t\t\t\t<\/div>\n\t\t","protected":false},"excerpt":{"rendered":"<p>Ortaokul, ilk\u00f6\u011fretimin ikinci kademesi olmas\u0131 sebebiyle; okullar\u0131m\u0131z anas\u0131n\u0131f\u0131 ve temel e\u011fitimde baz ald\u0131\u011f\u0131 kriterlerin t\u00fcm\u00fcn\u00fc burada devam ettirir. \u00c7ocu\u011fun fiziksel-bedensel geli\u015fmesine paralel ve ba\u011fl\u0131 olarak ruhsal, zihinsel geli\u015fimi de g\u00f6z \u00f6n\u00fcnde bulundurularak t\u00fcm bu de\u011fi\u015fimlere ayak uydurulur, y\u00f6n g\u00f6sterilir ve kap\u0131 aralan\u0131r. De\u011fi\u015fimin ka\u00e7\u0131n\u0131lmaz oldu\u011funu kabul ederiz ancak k\u00f6klerden de \u00f6d\u00fcn vermeyiz. Akademik olarak \u00e7ocuklar\u0131m\u0131z bir ileri kademe i\u00e7in bulundu\u011fu b\u00f6lgenin s\u0131navla belirlenen se\u00e7kin okullar\u0131nda yer almak i\u00e7in gerekli becerilerle donat\u0131l\u0131rlar. Bakanl\u0131\u011f\u0131n belirledi\u011fi t\u00fcm s\u0131navlarda derece sa\u011flamak yine ama\u00e7lar\u0131m\u0131zdan birisidir. E\u011fitim-\u00f6\u011fretim m\u00fcfredat temelinde ayn\u0131 olsa da e\u011fitim ve \u00f6\u011fretim teknikleri noktas\u0131nda kurumlar\u0131m\u0131z kendine \u00f6zel yollar\u0131 se\u00e7mekte ve farkl\u0131l\u0131k g\u00f6stermektedir\u2026 Gelece\u011fi Ke\u015ffet! T\u00fcrk Amerikan Kolejleri olarak, \u00e7ocuklar\u0131n\u0131z\u0131n gelece\u011fi ke\u015ffetmelerine yard\u0131mc\u0131 oluyoruz. \u0130\u00e7lerindeki merak\u0131 ve \u00f6\u011frenme iste\u011fini destekleyerek, onlar\u0131 yar\u0131n\u0131n liderleri olarak yeti\u015ftiriyoruz. Gelece\u011fi ke\u015ffetmek i\u00e7in yanlar\u0131nday\u0131z! \u00d6\u011frenmek E\u011flenceli Olabilir! Biz, \u00f6\u011frenmeyi s\u0131k\u0131c\u0131 bir g\u00f6rev de\u011fil, e\u011flenceli bir macera olarak g\u00f6r\u00fcyoruz. T\u00fcrk Amerikan Kolejleri&#8217;nde \u00e7ocuklar\u0131n\u0131z, renkli s\u0131n\u0131flarda, yarat\u0131c\u0131 projelerde ve arkada\u015flar\u0131yla birlikte \u00f6\u011frenme deneyimini ke\u015ffederek b\u00fcy\u00fcyecekler. Her \u00c7ocuk \u00d6zeldir! Her \u00e7ocuk benzersizdir ve potansiyeli s\u0131n\u0131rs\u0131zd\u0131r. T\u00fcrk Amerikan Kolejleri olarak, her \u00e7ocu\u011fun kendine \u00f6zg\u00fc yeteneklerini ve ilgi alanlar\u0131n\u0131 destekliyoruz. Onlar\u0131n en iyi s\u00fcr\u00fcmlerini bulmalar\u0131na yard\u0131mc\u0131oluyoruz.<\/p>\n","protected":false},"author":1,"featured_media":0,"parent":0,"menu_order":0,"comment_status":"closed","ping_status":"closed","template":"","meta":{"footnotes":""},"class_list":["post-2613","page","type-page","status-publish","hentry"],"_links":{"self":[{"href":"https:\/\/turkamerikankolejleri.com\/index.php\/wp-json\/wp\/v2\/pages\/2613","targetHints":{"allow":["GET"]}}],"collection":[{"href":"https:\/\/turkamerikankolejleri.com\/index.php\/wp-json\/wp\/v2\/pages"}],"about":[{"href":"https:\/\/turkamerikankolejleri.com\/index.php\/wp-json\/wp\/v2\/types\/page"}],"author":[{"embeddable":true,"href":"https:\/\/turkamerikankolejleri.com\/index.php\/wp-json\/wp\/v2\/users\/1"}],"replies":[{"embeddable":true,"href":"https:\/\/turkamerikankolejleri.com\/index.php\/wp-json\/wp\/v2\/comments?post=2613"}],"version-history":[{"count":22,"href":"https:\/\/turkamerikankolejleri.com\/index.php\/wp-json\/wp\/v2\/pages\/2613\/revisions"}],"predecessor-version":[{"id":3129,"href":"https:\/\/turkamerikankolejleri.com\/index.php\/wp-json\/wp\/v2\/pages\/2613\/revisions\/3129"}],"wp:attachment":[{"href":"https:\/\/turkamerikankolejleri.com\/index.php\/wp-json\/wp\/v2\/media?parent=2613"}],"curies":[{"name":"wp","href":"https:\/\/api.w.org\/{rel}","templated":true}]}}